{"id":7589,"date":"2024-06-09T10:12:32","date_gmt":"2024-06-09T10:12:32","guid":{"rendered":"https:\/\/www.divaclinic.com\/diva-in-media\/"},"modified":"2025-07-10T19:25:02","modified_gmt":"2025-07-10T19:25:02","slug":"diva-in-media","status":"publish","type":"page","link":"https:\/\/www.divaclinic.com\/en\/diva-in-media\/","title":{"rendered":"Diva in Media"},"content":{"rendered":"\t\t<div data-elementor-type=\"wp-page\" data-elementor-id=\"7589\" class=\"elementor elementor-7589 elementor-565\" data-elementor-post-type=\"page\">\n\t\t\t\t<div class=\"elementor-element elementor-element-dc305b4 e-flex e-con-boxed e-con e-parent\" data-id=\"dc305b4\" data-element_type=\"container\" data-e-type=\"container\" data-settings=\"{&quot;background_background&quot;:&quot;classic&quot;,&quot;jet_parallax_layout_list&quot;:[]}\">\n\t\t\t\t\t<div class=\"e-con-inner\">\n\t\t\t\t<div class=\"elementor-element elementor-element-bebd945 elementor-widget elementor-widget-heading\" data-id=\"bebd945\" data-element_type=\"widget\" data-e-type=\"widget\" data-widget_type=\"heading.default\">\n\t\t\t\t<div class=\"elementor-widget-container\">\n\t\t\t\t\t<h1 class=\"elementor-heading-title elementor-size-default\">DIVA IN MEDIA<\/h1>\t\t\t\t<\/div>\n\t\t\t\t<\/div>\n\t\t\t\t\t<\/div>\n\t\t\t\t<\/div>\n\t\t<div class=\"elementor-element elementor-element-77c1390 e-flex e-con-boxed e-con e-parent\" data-id=\"77c1390\" data-element_type=\"container\" data-e-type=\"container\" data-settings=\"{&quot;jet_parallax_layout_list&quot;:[]}\">\n\t\t\t\t\t<div class=\"e-con-inner\">\n\t\t\t\t<div class=\"elementor-element elementor-element-e156b7b elementor-widget elementor-widget-jet-tabs\" data-id=\"e156b7b\" data-element_type=\"widget\" data-e-type=\"widget\" data-settings=\"{&quot;tabs_position&quot;:&quot;top&quot;,&quot;no_active_tabs&quot;:&quot;false&quot;}\" data-widget_type=\"jet-tabs.default\">\n\t\t\t\t<div class=\"elementor-widget-container\">\n\t\t\t\t\t\n\t\t<div class=\"jet-tabs jet-tabs-position-top jet-tabs-move-up-effect  \" data-settings=\"{&quot;activeIndex&quot;:0,&quot;event&quot;:&quot;click&quot;,&quot;autoSwitch&quot;:false,&quot;autoSwitchDelay&quot;:3000,&quot;ajaxTemplate&quot;:false,&quot;tabsPosition&quot;:&quot;top&quot;,&quot;switchScrolling&quot;:false,&quot;switchScrollingOffset&quot;:0}\">\n\t\t\t\t\t\t<div class=\"jet-tabs__control-wrapper\" role=\"tablist\">\n\n                                    <div id=\"jet-tabs-control-2361\" class=\"jet-tabs__control jet-tabs__control-icon-left elementor-menu-anchor active-tab \" data-tab=\"1\" tabindex=\"0\" role=\"tab\" aria-controls=\"jet-tabs-content-2361\" aria-expanded=\"true\" data-template-id=\"571\"><div class=\"jet-tabs__control-inner\"><div class=\"jet-tabs__label-text\">TELEVISION<\/div><\/div><\/div><div id=\"jet-tabs-control-2362\" class=\"jet-tabs__control jet-tabs__control-icon-left elementor-menu-anchor  \" data-tab=\"2\" tabindex=\"0\" role=\"tab\" aria-controls=\"jet-tabs-content-2362\" aria-expanded=\"false\" data-template-id=\"574\"><div class=\"jet-tabs__control-inner\"><div class=\"jet-tabs__label-text\">NEWSPAPERS<\/div><\/div><\/div>\n                    \t\t\t    <\/div>\n\t\t\t<div class=\"jet-tabs__content-wrapper\">\n\t\t\t\t<div id=\"jet-tabs-content-2361\" class=\"jet-tabs__content active-content\" data-tab=\"1\" role=\"tabpanel\" aria-hidden=\"false\" data-template-id=\"571\">\t\t<div data-elementor-type=\"container\" data-elementor-id=\"5370\" class=\"elementor elementor-5370 elementor-571 elementor-571\" data-elementor-post-type=\"elementor_library\">\n\t\t\t\t<div class=\"elementor-element elementor-element-0a0c0af e-flex e-con-boxed e-con e-parent\" data-id=\"0a0c0af\" data-element_type=\"container\" data-e-type=\"container\" data-settings=\"{&quot;jet_parallax_layout_list&quot;:[]}\">\n\t\t\t\t\t<div class=\"e-con-inner\">\n\t\t\t\t<div class=\"elementor-element elementor-element-d42a88f elementor-widget elementor-widget-text-editor\" data-id=\"d42a88f\" data-element_type=\"widget\" data-e-type=\"widget\" data-widget_type=\"text-editor.default\">\n\t\t\t\t<div class=\"elementor-widget-container\">\n\t\t\t\t\t\t\t\t\t<p>Lorem ipsum dolor sit amet, consectetuer adipiscing elit, sed diam nonummy nibh euismod tincidunt ut laoreet dolore magna aliquam erat volutpat. Ut wisi enim ad minim veniam, quis nostrud exerci tation ullamcorper suscipit lobortis nisl ut aliquip ex ea commodo consequat. <\/p>\n\t\t\t\t\t\t\t\t<\/div>\n\t\t\t\t<\/div>\n\t\t\t\t<div class=\"elementor-element elementor-element-41cc6e5 elementor-widget elementor-widget-jet-listing-grid\" data-id=\"41cc6e5\" data-element_type=\"widget\" data-e-type=\"widget\" data-settings=\"{&quot;columns&quot;:&quot;2&quot;}\" data-widget_type=\"jet-listing-grid.default\">\n\t\t\t\t<div class=\"elementor-widget-container\">\n\t\t\t\t\t<div class=\"jet-listing-grid jet-listing\"><div class=\"jet-listing-not-found jet-listing-grid__items\" data-nav=\"{&quot;enabled&quot;:true,&quot;type&quot;:&quot;scroll&quot;,&quot;more_el&quot;:null,&quot;query&quot;:{&quot;query_id&quot;:2,&quot;posts_per_page&quot;:12,&quot;signature&quot;:&quot;b8a55a41e784559c13c0aeddf1e10f7a38f1e2bea476a2aa207822a76e7ee908&quot;},&quot;widget_settings&quot;:{&quot;lisitng_id&quot;:553,&quot;posts_num&quot;:12,&quot;columns&quot;:2,&quot;columns_tablet&quot;:2,&quot;columns_mobile&quot;:2,&quot;column_min_width&quot;:240,&quot;column_min_width_tablet&quot;:240,&quot;column_min_width_mobile&quot;:240,&quot;inline_columns_css&quot;:false,&quot;is_archive_template&quot;:&quot;&quot;,&quot;post_status&quot;:[&quot;publish&quot;],&quot;use_random_posts_num&quot;:&quot;&quot;,&quot;max_posts_num&quot;:9,&quot;not_found_message&quot;:&quot;No data was found&quot;,&quot;is_masonry&quot;:false,&quot;equal_columns_height&quot;:&quot;&quot;,&quot;use_load_more&quot;:&quot;yes&quot;,&quot;load_more_id&quot;:&quot;&quot;,&quot;load_more_type&quot;:&quot;scroll&quot;,&quot;load_more_offset&quot;:{&quot;unit&quot;:&quot;px&quot;,&quot;size&quot;:0,&quot;sizes&quot;:[]},&quot;use_custom_post_types&quot;:&quot;&quot;,&quot;custom_post_types&quot;:[],&quot;hide_widget_if&quot;:&quot;&quot;,&quot;carousel_enabled&quot;:&quot;&quot;,&quot;slides_to_scroll&quot;:&quot;1&quot;,&quot;arrows&quot;:&quot;true&quot;,&quot;arrow_icon&quot;:&quot;fa fa-angle-left&quot;,&quot;dots&quot;:&quot;&quot;,&quot;autoplay&quot;:&quot;true&quot;,&quot;pause_on_hover&quot;:&quot;true&quot;,&quot;autoplay_speed&quot;:5000,&quot;infinite&quot;:&quot;true&quot;,&quot;center_mode&quot;:&quot;&quot;,&quot;effect&quot;:&quot;slide&quot;,&quot;speed&quot;:500,&quot;inject_alternative_items&quot;:&quot;&quot;,&quot;injection_items&quot;:[],&quot;scroll_slider_enabled&quot;:&quot;&quot;,&quot;scroll_slider_on&quot;:[&quot;desktop&quot;,&quot;tablet&quot;,&quot;mobile&quot;],&quot;custom_query&quot;:&quot;yes&quot;,&quot;custom_query_id&quot;:&quot;2&quot;,&quot;_element_id&quot;:&quot;&quot;,&quot;collapse_first_last_gap&quot;:false,&quot;list_tag_selection&quot;:&quot;&quot;,&quot;list_items_wrapper_tag&quot;:&quot;div&quot;,&quot;list_item_tag&quot;:&quot;div&quot;,&quot;empty_items_wrapper_tag&quot;:&quot;div&quot;}}\" data-listing-source=\"query\" data-listing-id=\"553\" data-query-id=\"2\" data-queried-id=\"7589|WP_Post\">No data was found<\/div><\/div>\t\t\t\t<\/div>\n\t\t\t\t<\/div>\n\t\t\t\t\t<\/div>\n\t\t\t\t<\/div>\n\t\t\t\t<\/div>\n\t\t<\/div><div id=\"jet-tabs-content-2362\" class=\"jet-tabs__content \" data-tab=\"2\" role=\"tabpanel\" aria-hidden=\"true\" data-template-id=\"574\">\t\t<div data-elementor-type=\"container\" data-elementor-id=\"5368\" class=\"elementor elementor-5368 elementor-574 elementor-574\" data-elementor-post-type=\"elementor_library\">\n\t\t\t\t<div class=\"elementor-element elementor-element-4c64ed87 e-flex e-con-boxed e-con e-parent\" data-id=\"4c64ed87\" data-element_type=\"container\" data-e-type=\"container\" data-settings=\"{&quot;jet_parallax_layout_list&quot;:[]}\">\n\t\t\t\t\t<div class=\"e-con-inner\">\n\t\t\t\t<div class=\"elementor-element elementor-element-13a66fd7 elementor-widget elementor-widget-text-editor\" data-id=\"13a66fd7\" data-element_type=\"widget\" data-e-type=\"widget\" data-widget_type=\"text-editor.default\">\n\t\t\t\t<div class=\"elementor-widget-container\">\n\t\t\t\t\t\t\t\t\t<p>Lorem ipsum dolor sit amet, consectetuer adipiscing elit, sed diam nonummy nibh euismod tincidunt ut laoreet dolore magna aliquam erat volutpat. Ut wisi enim ad minim veniam, quis nostrud exerci tation ullamcorper suscipit lobortis nisl ut aliquip ex ea commodo consequat. <\/p>\n\t\t\t\t\t\t\t\t<\/div>\n\t\t\t\t<\/div>\n\t\t\t\t<div class=\"elementor-element elementor-element-418f31e8 elementor-widget elementor-widget-jet-listing-grid\" data-id=\"418f31e8\" data-element_type=\"widget\" data-e-type=\"widget\" data-settings=\"{&quot;columns&quot;:&quot;4&quot;}\" data-widget_type=\"jet-listing-grid.default\">\n\t\t\t\t<div class=\"elementor-widget-container\">\n\t\t\t\t\t<div class=\"jet-listing-grid jet-listing\"><div class=\"jet-listing-not-found jet-listing-grid__items\" data-nav=\"{&quot;enabled&quot;:true,&quot;type&quot;:&quot;scroll&quot;,&quot;more_el&quot;:null,&quot;query&quot;:{&quot;query_id&quot;:3,&quot;posts_per_page&quot;:12,&quot;signature&quot;:&quot;46d104172db3c5ce0f4a9ad4ca7b18ae51a5bed2bf4cf580c75ed726df9f943e&quot;},&quot;widget_settings&quot;:{&quot;lisitng_id&quot;:556,&quot;posts_num&quot;:12,&quot;columns&quot;:4,&quot;columns_tablet&quot;:4,&quot;columns_mobile&quot;:4,&quot;column_min_width&quot;:240,&quot;column_min_width_tablet&quot;:240,&quot;column_min_width_mobile&quot;:240,&quot;inline_columns_css&quot;:false,&quot;is_archive_template&quot;:&quot;&quot;,&quot;post_status&quot;:[&quot;publish&quot;],&quot;use_random_posts_num&quot;:&quot;&quot;,&quot;max_posts_num&quot;:9,&quot;not_found_message&quot;:&quot;No data was found&quot;,&quot;is_masonry&quot;:false,&quot;equal_columns_height&quot;:&quot;&quot;,&quot;use_load_more&quot;:&quot;yes&quot;,&quot;load_more_id&quot;:&quot;&quot;,&quot;load_more_type&quot;:&quot;scroll&quot;,&quot;load_more_offset&quot;:{&quot;unit&quot;:&quot;px&quot;,&quot;size&quot;:0,&quot;sizes&quot;:[]},&quot;use_custom_post_types&quot;:&quot;&quot;,&quot;custom_post_types&quot;:[],&quot;hide_widget_if&quot;:&quot;&quot;,&quot;carousel_enabled&quot;:&quot;&quot;,&quot;slides_to_scroll&quot;:&quot;1&quot;,&quot;arrows&quot;:&quot;true&quot;,&quot;arrow_icon&quot;:&quot;fa fa-angle-left&quot;,&quot;dots&quot;:&quot;&quot;,&quot;autoplay&quot;:&quot;true&quot;,&quot;pause_on_hover&quot;:&quot;true&quot;,&quot;autoplay_speed&quot;:5000,&quot;infinite&quot;:&quot;true&quot;,&quot;center_mode&quot;:&quot;&quot;,&quot;effect&quot;:&quot;slide&quot;,&quot;speed&quot;:500,&quot;inject_alternative_items&quot;:&quot;&quot;,&quot;injection_items&quot;:[],&quot;scroll_slider_enabled&quot;:&quot;&quot;,&quot;scroll_slider_on&quot;:[&quot;desktop&quot;,&quot;tablet&quot;,&quot;mobile&quot;],&quot;custom_query&quot;:&quot;yes&quot;,&quot;custom_query_id&quot;:&quot;3&quot;,&quot;_element_id&quot;:&quot;&quot;,&quot;collapse_first_last_gap&quot;:false,&quot;list_tag_selection&quot;:&quot;&quot;,&quot;list_items_wrapper_tag&quot;:&quot;div&quot;,&quot;list_item_tag&quot;:&quot;div&quot;,&quot;empty_items_wrapper_tag&quot;:&quot;div&quot;}}\" data-listing-source=\"query\" data-listing-id=\"556\" data-query-id=\"3\" data-queried-id=\"7589|WP_Post\">No data was found<\/div><\/div>\t\t\t\t<\/div>\n\t\t\t\t<\/div>\n\t\t\t\t\t<\/div>\n\t\t\t\t<\/div>\n\t\t\t\t<\/div>\n\t\t<\/div>\t\t\t<\/div>\n\t\t\t\t\t<\/div>\n\t\t\t\t\t\t<\/div>\n\t\t\t\t<\/div>\n\t\t\t\t\t<\/div>\n\t\t\t\t<\/div>\n\t\t\t\t<\/div>\n\t\t","protected":false},"excerpt":{"rendered":"<p>DIVA IN MEDIA TELEVISIONNEWSPAPERS Poliklinika Diva redovno gostuje u medijima, poput nacionalnih televizija, gde na\u0161i lekari specijalisti stru\u010dnjaci dele znanje i savete o zdravlju i nezi ko\u017ee, kao i o savremenim antiaging tretmanima, estetskoj medicini i inovativnim metodama podmla\u0111ivanja. Kroz medijska gostovanja predstavljamo najtra\u017eenije estetske procedure, odgovaramo na pitanja gledalaca i edukujemo javnost o bezbednosti [&hellip;]<\/p>\n","protected":false},"author":2,"featured_media":0,"parent":0,"menu_order":0,"comment_status":"closed","ping_status":"closed","template":"","meta":{"footnotes":""},"class_list":["post-7589","page","type-page","status-publish","hentry"],"yoast_head":"<!-- This site is optimized with the Yoast SEO plugin v27.4 - https:\/\/yoast.com\/product\/yoast-seo-wordpress\/ -->\n<title>Diva in Media - Diva poliklinika dr Bogdanovi\u0107<\/title>\n<meta name=\"robots\" content=\"index, follow, max-snippet:-1, max-image-preview:large, max-video-preview:-1\" \/>\n<link rel=\"canonical\" href=\"https:\/\/www.divaclinic.com\/en\/diva-in-media\/\" \/>\n<meta property=\"og:locale\" content=\"en_US\" \/>\n<meta property=\"og:type\" content=\"article\" \/>\n<meta property=\"og:title\" content=\"Diva in Media - Diva poliklinika dr Bogdanovi\u0107\" \/>\n<meta property=\"og:description\" content=\"DIVA IN MEDIA TELEVISIONNEWSPAPERS Poliklinika Diva redovno gostuje u medijima, poput nacionalnih televizija, gde na\u0161i lekari specijalisti stru\u010dnjaci dele znanje i savete o zdravlju i nezi ko\u017ee, kao i o savremenim antiaging tretmanima, estetskoj medicini i inovativnim metodama podmla\u0111ivanja. Kroz medijska gostovanja predstavljamo najtra\u017eenije estetske procedure, odgovaramo na pitanja gledalaca i edukujemo javnost o bezbednosti [&hellip;]\" \/>\n<meta property=\"og:url\" content=\"https:\/\/www.divaclinic.com\/en\/diva-in-media\/\" \/>\n<meta property=\"og:site_name\" content=\"Diva poliklinika dr Bogdanovi\u0107\" \/>\n<meta property=\"article:modified_time\" content=\"2025-07-10T19:25:02+00:00\" \/>\n<meta name=\"twitter:card\" content=\"summary_large_image\" \/>\n<meta name=\"twitter:label1\" content=\"Est. reading time\" \/>\n\t<meta name=\"twitter:data1\" content=\"1 minute\" \/>\n<script type=\"application\/ld+json\" class=\"yoast-schema-graph\">{\"@context\":\"https:\\\/\\\/schema.org\",\"@graph\":[{\"@type\":\"WebPage\",\"@id\":\"https:\\\/\\\/www.divaclinic.com\\\/en\\\/diva-in-media\\\/\",\"url\":\"https:\\\/\\\/www.divaclinic.com\\\/en\\\/diva-in-media\\\/\",\"name\":\"Diva in Media - Diva poliklinika dr Bogdanovi\u0107\",\"isPartOf\":{\"@id\":\"https:\\\/\\\/www.divaclinic.com\\\/en\\\/#website\"},\"datePublished\":\"2024-06-09T10:12:32+00:00\",\"dateModified\":\"2025-07-10T19:25:02+00:00\",\"inLanguage\":\"en-US\",\"potentialAction\":[{\"@type\":\"ReadAction\",\"target\":[\"https:\\\/\\\/www.divaclinic.com\\\/en\\\/diva-in-media\\\/\"]}]},{\"@type\":\"WebSite\",\"@id\":\"https:\\\/\\\/www.divaclinic.com\\\/en\\\/#website\",\"url\":\"https:\\\/\\\/www.divaclinic.com\\\/en\\\/\",\"name\":\"Diva poliklinika dr Bogdanovi\u0107\",\"description\":\"Podmla\u0111ivanje | Mlade\u017ei | Laseri\",\"publisher\":{\"@id\":\"https:\\\/\\\/www.divaclinic.com\\\/en\\\/#organization\"},\"potentialAction\":[{\"@type\":\"SearchAction\",\"target\":{\"@type\":\"EntryPoint\",\"urlTemplate\":\"https:\\\/\\\/www.divaclinic.com\\\/en\\\/?s={search_term_string}\"},\"query-input\":{\"@type\":\"PropertyValueSpecification\",\"valueRequired\":true,\"valueName\":\"search_term_string\"}}],\"inLanguage\":\"en-US\"},{\"@type\":\"Organization\",\"@id\":\"https:\\\/\\\/www.divaclinic.com\\\/en\\\/#organization\",\"name\":\"Diva poliklinika dr Bogdanovi\u0107\",\"url\":\"https:\\\/\\\/www.divaclinic.com\\\/en\\\/\",\"logo\":{\"@type\":\"ImageObject\",\"inLanguage\":\"en-US\",\"@id\":\"https:\\\/\\\/www.divaclinic.com\\\/en\\\/#\\\/schema\\\/logo\\\/image\\\/\",\"url\":\"https:\\\/\\\/www.divaclinic.com\\\/wp-content\\\/uploads\\\/2024\\\/06\\\/cropped-Asset-6@3x.png\",\"contentUrl\":\"https:\\\/\\\/www.divaclinic.com\\\/wp-content\\\/uploads\\\/2024\\\/06\\\/cropped-Asset-6@3x.png\",\"width\":418,\"height\":241,\"caption\":\"Diva poliklinika dr Bogdanovi\u0107\"},\"image\":{\"@id\":\"https:\\\/\\\/www.divaclinic.com\\\/en\\\/#\\\/schema\\\/logo\\\/image\\\/\"}}]}<\/script>\n<!-- \/ Yoast SEO plugin. -->","yoast_head_json":{"title":"Diva in Media - Diva poliklinika dr Bogdanovi\u0107","robots":{"index":"index","follow":"follow","max-snippet":"max-snippet:-1","max-image-preview":"max-image-preview:large","max-video-preview":"max-video-preview:-1"},"canonical":"https:\/\/www.divaclinic.com\/en\/diva-in-media\/","og_locale":"en_US","og_type":"article","og_title":"Diva in Media - Diva poliklinika dr Bogdanovi\u0107","og_description":"DIVA IN MEDIA TELEVISIONNEWSPAPERS Poliklinika Diva redovno gostuje u medijima, poput nacionalnih televizija, gde na\u0161i lekari specijalisti stru\u010dnjaci dele znanje i savete o zdravlju i nezi ko\u017ee, kao i o savremenim antiaging tretmanima, estetskoj medicini i inovativnim metodama podmla\u0111ivanja. Kroz medijska gostovanja predstavljamo najtra\u017eenije estetske procedure, odgovaramo na pitanja gledalaca i edukujemo javnost o bezbednosti [&hellip;]","og_url":"https:\/\/www.divaclinic.com\/en\/diva-in-media\/","og_site_name":"Diva poliklinika dr Bogdanovi\u0107","article_modified_time":"2025-07-10T19:25:02+00:00","twitter_card":"summary_large_image","twitter_misc":{"Est. reading time":"1 minute"},"schema":{"@context":"https:\/\/schema.org","@graph":[{"@type":"WebPage","@id":"https:\/\/www.divaclinic.com\/en\/diva-in-media\/","url":"https:\/\/www.divaclinic.com\/en\/diva-in-media\/","name":"Diva in Media - Diva poliklinika dr Bogdanovi\u0107","isPartOf":{"@id":"https:\/\/www.divaclinic.com\/en\/#website"},"datePublished":"2024-06-09T10:12:32+00:00","dateModified":"2025-07-10T19:25:02+00:00","inLanguage":"en-US","potentialAction":[{"@type":"ReadAction","target":["https:\/\/www.divaclinic.com\/en\/diva-in-media\/"]}]},{"@type":"WebSite","@id":"https:\/\/www.divaclinic.com\/en\/#website","url":"https:\/\/www.divaclinic.com\/en\/","name":"Diva poliklinika dr Bogdanovi\u0107","description":"Podmla\u0111ivanje | Mlade\u017ei | Laseri","publisher":{"@id":"https:\/\/www.divaclinic.com\/en\/#organization"},"potentialAction":[{"@type":"SearchAction","target":{"@type":"EntryPoint","urlTemplate":"https:\/\/www.divaclinic.com\/en\/?s={search_term_string}"},"query-input":{"@type":"PropertyValueSpecification","valueRequired":true,"valueName":"search_term_string"}}],"inLanguage":"en-US"},{"@type":"Organization","@id":"https:\/\/www.divaclinic.com\/en\/#organization","name":"Diva poliklinika dr Bogdanovi\u0107","url":"https:\/\/www.divaclinic.com\/en\/","logo":{"@type":"ImageObject","inLanguage":"en-US","@id":"https:\/\/www.divaclinic.com\/en\/#\/schema\/logo\/image\/","url":"https:\/\/www.divaclinic.com\/wp-content\/uploads\/2024\/06\/cropped-Asset-6@3x.png","contentUrl":"https:\/\/www.divaclinic.com\/wp-content\/uploads\/2024\/06\/cropped-Asset-6@3x.png","width":418,"height":241,"caption":"Diva poliklinika dr Bogdanovi\u0107"},"image":{"@id":"https:\/\/www.divaclinic.com\/en\/#\/schema\/logo\/image\/"}}]}},"_links":{"self":[{"href":"https:\/\/www.divaclinic.com\/en\/wp-json\/wp\/v2\/pages\/7589","targetHints":{"allow":["GET"]}}],"collection":[{"href":"https:\/\/www.divaclinic.com\/en\/wp-json\/wp\/v2\/pages"}],"about":[{"href":"https:\/\/www.divaclinic.com\/en\/wp-json\/wp\/v2\/types\/page"}],"author":[{"embeddable":true,"href":"https:\/\/www.divaclinic.com\/en\/wp-json\/wp\/v2\/users\/2"}],"replies":[{"embeddable":true,"href":"https:\/\/www.divaclinic.com\/en\/wp-json\/wp\/v2\/comments?post=7589"}],"version-history":[{"count":1,"href":"https:\/\/www.divaclinic.com\/en\/wp-json\/wp\/v2\/pages\/7589\/revisions"}],"predecessor-version":[{"id":7590,"href":"https:\/\/www.divaclinic.com\/en\/wp-json\/wp\/v2\/pages\/7589\/revisions\/7590"}],"wp:attachment":[{"href":"https:\/\/www.divaclinic.com\/en\/wp-json\/wp\/v2\/media?parent=7589"}],"curies":[{"name":"wp","href":"https:\/\/api.w.org\/{rel}","templated":true}]}}