{"id":7587,"date":"2024-06-09T11:14:36","date_gmt":"2024-06-09T11:14:36","guid":{"rendered":"https:\/\/www.divaclinic.com\/gallery\/"},"modified":"2025-07-10T19:22:53","modified_gmt":"2025-07-10T19:22:53","slug":"gallery","status":"publish","type":"page","link":"https:\/\/www.divaclinic.com\/en\/gallery\/","title":{"rendered":"Gallery"},"content":{"rendered":"\t\t<div data-elementor-type=\"wp-page\" data-elementor-id=\"7587\" class=\"elementor elementor-7587 elementor-652\" data-elementor-post-type=\"page\">\n\t\t\t\t<div class=\"elementor-element elementor-element-27d9312 e-flex e-con-boxed e-con e-parent\" data-id=\"27d9312\" data-element_type=\"container\" data-e-type=\"container\" data-settings=\"{&quot;background_background&quot;:&quot;classic&quot;,&quot;jet_parallax_layout_list&quot;:[]}\">\n\t\t\t\t\t<div class=\"e-con-inner\">\n\t\t\t\t<div class=\"elementor-element elementor-element-b646bc0 elementor-widget elementor-widget-heading\" data-id=\"b646bc0\" data-element_type=\"widget\" data-e-type=\"widget\" data-widget_type=\"heading.default\">\n\t\t\t\t<div class=\"elementor-widget-container\">\n\t\t\t\t\t<div class=\"elementor-heading-title elementor-size-default\">Diva Clinic<\/div>\t\t\t\t<\/div>\n\t\t\t\t<\/div>\n\t\t\t\t<div class=\"elementor-element elementor-element-d32a848 elementor-widget elementor-widget-heading\" data-id=\"d32a848\" data-element_type=\"widget\" data-e-type=\"widget\" data-widget_type=\"heading.default\">\n\t\t\t\t<div class=\"elementor-widget-container\">\n\t\t\t\t\t<h2 class=\"elementor-heading-title elementor-size-default\">Gallery<\/h2>\t\t\t\t<\/div>\n\t\t\t\t<\/div>\n\t\t\t\t<div class=\"elementor-element elementor-element-af12e19 elementor-widget elementor-widget-text-editor\" data-id=\"af12e19\" data-element_type=\"widget\" data-e-type=\"widget\" data-widget_type=\"text-editor.default\">\n\t\t\t\t<div class=\"elementor-widget-container\">\n\t\t\t\t\t\t\t\t\tFrom mole removal, to beautiful complexion and wrinkle removal, to lip augmentation &#8211; see the results of procedures at Diva Polyclinic. Browse our &#8220;before and after&#8221; photo gallery and see for yourself the outstanding effects we achieve. Each image shows a transformation and proves our commitment to meeting high aesthetic goals.  \t\t\t\t\t\t\t\t<\/div>\n\t\t\t\t<\/div>\n\t\t<div class=\"elementor-element elementor-element-98857d7 e-grid e-con-full e-con e-child\" data-id=\"98857d7\" data-element_type=\"container\" data-e-type=\"container\" data-settings=\"{&quot;jet_parallax_layout_list&quot;:[]}\">\n\t\t\t\t<div class=\"elementor-element elementor-element-34dc066 elementor-widget elementor-widget-video\" data-id=\"34dc066\" data-element_type=\"widget\" data-e-type=\"widget\" data-settings=\"{&quot;video_type&quot;:&quot;hosted&quot;,&quot;controls&quot;:&quot;yes&quot;}\" data-widget_type=\"video.default\">\n\t\t\t\t<div class=\"elementor-widget-container\">\n\t\t\t\t\t\t\t<div class=\"e-hosted-video elementor-wrapper elementor-open-inline\">\n\t\t\t\t\t<video class=\"elementor-video\" src=\"https:\/\/www.divaclinic.com\/wp-content\/uploads\/2025\/04\/Diva-novi-beograd-zorana-djindjica.mp4\" controls=\"\" preload=\"metadata\" controlsList=\"nodownload\"><\/video>\n\t\t\t\t<\/div>\n\t\t\t\t\t\t<\/div>\n\t\t\t\t<\/div>\n\t\t\t\t<div class=\"elementor-element elementor-element-ea27ac2 elementor-widget elementor-widget-video\" data-id=\"ea27ac2\" data-element_type=\"widget\" data-e-type=\"widget\" data-settings=\"{&quot;video_type&quot;:&quot;hosted&quot;,&quot;controls&quot;:&quot;yes&quot;}\" data-widget_type=\"video.default\">\n\t\t\t\t<div class=\"elementor-widget-container\">\n\t\t\t\t\t\t\t<div class=\"e-hosted-video elementor-wrapper elementor-open-inline\">\n\t\t\t\t\t<video class=\"elementor-video\" src=\"https:\/\/www.divaclinic.com\/wp-content\/uploads\/2025\/04\/poliklinika-diva-kosovska-34-novi.mp4\" controls=\"\" preload=\"metadata\" controlsList=\"nodownload\"><\/video>\n\t\t\t\t<\/div>\n\t\t\t\t\t\t<\/div>\n\t\t\t\t<\/div>\n\t\t\t\t<div class=\"elementor-element elementor-element-da8c09d elementor-widget elementor-widget-video\" data-id=\"da8c09d\" data-element_type=\"widget\" data-e-type=\"widget\" data-settings=\"{&quot;video_type&quot;:&quot;hosted&quot;,&quot;controls&quot;:&quot;yes&quot;}\" data-widget_type=\"video.default\">\n\t\t\t\t<div class=\"elementor-widget-container\">\n\t\t\t\t\t\t\t<div class=\"e-hosted-video elementor-wrapper elementor-open-inline\">\n\t\t\t\t\t<video class=\"elementor-video\" src=\"https:\/\/www.divaclinic.com\/wp-content\/uploads\/2025\/04\/Diva-njegoseva-19a.mp4\" controls=\"\" preload=\"metadata\" controlsList=\"nodownload\"><\/video>\n\t\t\t\t<\/div>\n\t\t\t\t\t\t<\/div>\n\t\t\t\t<\/div>\n\t\t\t\t<\/div>\n\t\t\t\t\t<\/div>\n\t\t\t\t<\/div>\n\t\t\t\t<\/div>\n\t\t","protected":false},"excerpt":{"rendered":"<p>Diva Clinic Gallery From mole removal, to beautiful complexion and wrinkle removal, to lip augmentation &#8211; see the results of procedures at Diva Polyclinic. Browse our &#8220;before and after&#8221; photo gallery and see for yourself the outstanding effects we achieve. Each image shows a transformation and proves our commitment to meeting high aesthetic goals. https:\/\/www.divaclinic.com\/wp-content\/uploads\/2025\/04\/Diva-novi-beograd-zorana-djindjica.mp4https:\/\/www.divaclinic.com\/wp-content\/uploads\/2025\/04\/poliklinika-diva-kosovska-34-novi.mp4https:\/\/www.divaclinic.com\/wp-content\/uploads\/2025\/04\/Diva-njegoseva-19a.mp4<\/p>\n","protected":false},"author":2,"featured_media":0,"parent":0,"menu_order":0,"comment_status":"closed","ping_status":"closed","template":"","meta":{"footnotes":""},"class_list":["post-7587","page","type-page","status-publish","hentry"],"yoast_head":"<!-- This site is optimized with the Yoast SEO plugin v27.4 - https:\/\/yoast.com\/product\/yoast-seo-wordpress\/ -->\n<title>Gallery - Diva poliklinika dr Bogdanovi\u0107<\/title>\n<meta name=\"robots\" content=\"index, follow, max-snippet:-1, max-image-preview:large, max-video-preview:-1\" \/>\n<link rel=\"canonical\" href=\"https:\/\/www.divaclinic.com\/en\/gallery\/\" \/>\n<meta property=\"og:locale\" content=\"en_US\" \/>\n<meta property=\"og:type\" content=\"article\" \/>\n<meta property=\"og:title\" content=\"Gallery - Diva poliklinika dr Bogdanovi\u0107\" \/>\n<meta property=\"og:description\" content=\"Diva Clinic Gallery From mole removal, to beautiful complexion and wrinkle removal, to lip augmentation &#8211; see the results of procedures at Diva Polyclinic. Browse our &#8220;before and after&#8221; photo gallery and see for yourself the outstanding effects we achieve. Each image shows a transformation and proves our commitment to meeting high aesthetic goals. https:\/\/www.divaclinic.com\/wp-content\/uploads\/2025\/04\/Diva-novi-beograd-zorana-djindjica.mp4https:\/\/www.divaclinic.com\/wp-content\/uploads\/2025\/04\/poliklinika-diva-kosovska-34-novi.mp4https:\/\/www.divaclinic.com\/wp-content\/uploads\/2025\/04\/Diva-njegoseva-19a.mp4\" \/>\n<meta property=\"og:url\" content=\"https:\/\/www.divaclinic.com\/en\/gallery\/\" \/>\n<meta property=\"og:site_name\" content=\"Diva poliklinika dr Bogdanovi\u0107\" \/>\n<meta property=\"article:modified_time\" content=\"2025-07-10T19:22:53+00:00\" \/>\n<meta name=\"twitter:card\" content=\"summary_large_image\" \/>\n<script type=\"application\/ld+json\" class=\"yoast-schema-graph\">{\"@context\":\"https:\\\/\\\/schema.org\",\"@graph\":[{\"@type\":\"WebPage\",\"@id\":\"https:\\\/\\\/www.divaclinic.com\\\/en\\\/gallery\\\/\",\"url\":\"https:\\\/\\\/www.divaclinic.com\\\/en\\\/gallery\\\/\",\"name\":\"Gallery - Diva poliklinika dr Bogdanovi\u0107\",\"isPartOf\":{\"@id\":\"https:\\\/\\\/www.divaclinic.com\\\/en\\\/#website\"},\"datePublished\":\"2024-06-09T11:14:36+00:00\",\"dateModified\":\"2025-07-10T19:22:53+00:00\",\"inLanguage\":\"en-US\",\"potentialAction\":[{\"@type\":\"ReadAction\",\"target\":[\"https:\\\/\\\/www.divaclinic.com\\\/en\\\/gallery\\\/\"]}]},{\"@type\":\"WebSite\",\"@id\":\"https:\\\/\\\/www.divaclinic.com\\\/en\\\/#website\",\"url\":\"https:\\\/\\\/www.divaclinic.com\\\/en\\\/\",\"name\":\"Diva poliklinika dr Bogdanovi\u0107\",\"description\":\"Podmla\u0111ivanje | Mlade\u017ei | Laseri\",\"publisher\":{\"@id\":\"https:\\\/\\\/www.divaclinic.com\\\/en\\\/#organization\"},\"potentialAction\":[{\"@type\":\"SearchAction\",\"target\":{\"@type\":\"EntryPoint\",\"urlTemplate\":\"https:\\\/\\\/www.divaclinic.com\\\/en\\\/?s={search_term_string}\"},\"query-input\":{\"@type\":\"PropertyValueSpecification\",\"valueRequired\":true,\"valueName\":\"search_term_string\"}}],\"inLanguage\":\"en-US\"},{\"@type\":\"Organization\",\"@id\":\"https:\\\/\\\/www.divaclinic.com\\\/en\\\/#organization\",\"name\":\"Diva poliklinika dr Bogdanovi\u0107\",\"url\":\"https:\\\/\\\/www.divaclinic.com\\\/en\\\/\",\"logo\":{\"@type\":\"ImageObject\",\"inLanguage\":\"en-US\",\"@id\":\"https:\\\/\\\/www.divaclinic.com\\\/en\\\/#\\\/schema\\\/logo\\\/image\\\/\",\"url\":\"https:\\\/\\\/www.divaclinic.com\\\/wp-content\\\/uploads\\\/2024\\\/06\\\/cropped-Asset-6@3x.png\",\"contentUrl\":\"https:\\\/\\\/www.divaclinic.com\\\/wp-content\\\/uploads\\\/2024\\\/06\\\/cropped-Asset-6@3x.png\",\"width\":418,\"height\":241,\"caption\":\"Diva poliklinika dr Bogdanovi\u0107\"},\"image\":{\"@id\":\"https:\\\/\\\/www.divaclinic.com\\\/en\\\/#\\\/schema\\\/logo\\\/image\\\/\"}}]}<\/script>\n<!-- \/ Yoast SEO plugin. -->","yoast_head_json":{"title":"Gallery - Diva poliklinika dr Bogdanovi\u0107","robots":{"index":"index","follow":"follow","max-snippet":"max-snippet:-1","max-image-preview":"max-image-preview:large","max-video-preview":"max-video-preview:-1"},"canonical":"https:\/\/www.divaclinic.com\/en\/gallery\/","og_locale":"en_US","og_type":"article","og_title":"Gallery - Diva poliklinika dr Bogdanovi\u0107","og_description":"Diva Clinic Gallery From mole removal, to beautiful complexion and wrinkle removal, to lip augmentation &#8211; see the results of procedures at Diva Polyclinic. Browse our &#8220;before and after&#8221; photo gallery and see for yourself the outstanding effects we achieve. Each image shows a transformation and proves our commitment to meeting high aesthetic goals. https:\/\/www.divaclinic.com\/wp-content\/uploads\/2025\/04\/Diva-novi-beograd-zorana-djindjica.mp4https:\/\/www.divaclinic.com\/wp-content\/uploads\/2025\/04\/poliklinika-diva-kosovska-34-novi.mp4https:\/\/www.divaclinic.com\/wp-content\/uploads\/2025\/04\/Diva-njegoseva-19a.mp4","og_url":"https:\/\/www.divaclinic.com\/en\/gallery\/","og_site_name":"Diva poliklinika dr Bogdanovi\u0107","article_modified_time":"2025-07-10T19:22:53+00:00","twitter_card":"summary_large_image","schema":{"@context":"https:\/\/schema.org","@graph":[{"@type":"WebPage","@id":"https:\/\/www.divaclinic.com\/en\/gallery\/","url":"https:\/\/www.divaclinic.com\/en\/gallery\/","name":"Gallery - Diva poliklinika dr Bogdanovi\u0107","isPartOf":{"@id":"https:\/\/www.divaclinic.com\/en\/#website"},"datePublished":"2024-06-09T11:14:36+00:00","dateModified":"2025-07-10T19:22:53+00:00","inLanguage":"en-US","potentialAction":[{"@type":"ReadAction","target":["https:\/\/www.divaclinic.com\/en\/gallery\/"]}]},{"@type":"WebSite","@id":"https:\/\/www.divaclinic.com\/en\/#website","url":"https:\/\/www.divaclinic.com\/en\/","name":"Diva poliklinika dr Bogdanovi\u0107","description":"Podmla\u0111ivanje | Mlade\u017ei | Laseri","publisher":{"@id":"https:\/\/www.divaclinic.com\/en\/#organization"},"potentialAction":[{"@type":"SearchAction","target":{"@type":"EntryPoint","urlTemplate":"https:\/\/www.divaclinic.com\/en\/?s={search_term_string}"},"query-input":{"@type":"PropertyValueSpecification","valueRequired":true,"valueName":"search_term_string"}}],"inLanguage":"en-US"},{"@type":"Organization","@id":"https:\/\/www.divaclinic.com\/en\/#organization","name":"Diva poliklinika dr Bogdanovi\u0107","url":"https:\/\/www.divaclinic.com\/en\/","logo":{"@type":"ImageObject","inLanguage":"en-US","@id":"https:\/\/www.divaclinic.com\/en\/#\/schema\/logo\/image\/","url":"https:\/\/www.divaclinic.com\/wp-content\/uploads\/2024\/06\/cropped-Asset-6@3x.png","contentUrl":"https:\/\/www.divaclinic.com\/wp-content\/uploads\/2024\/06\/cropped-Asset-6@3x.png","width":418,"height":241,"caption":"Diva poliklinika dr Bogdanovi\u0107"},"image":{"@id":"https:\/\/www.divaclinic.com\/en\/#\/schema\/logo\/image\/"}}]}},"_links":{"self":[{"href":"https:\/\/www.divaclinic.com\/en\/wp-json\/wp\/v2\/pages\/7587","targetHints":{"allow":["GET"]}}],"collection":[{"href":"https:\/\/www.divaclinic.com\/en\/wp-json\/wp\/v2\/pages"}],"about":[{"href":"https:\/\/www.divaclinic.com\/en\/wp-json\/wp\/v2\/types\/page"}],"author":[{"embeddable":true,"href":"https:\/\/www.divaclinic.com\/en\/wp-json\/wp\/v2\/users\/2"}],"replies":[{"embeddable":true,"href":"https:\/\/www.divaclinic.com\/en\/wp-json\/wp\/v2\/comments?post=7587"}],"version-history":[{"count":1,"href":"https:\/\/www.divaclinic.com\/en\/wp-json\/wp\/v2\/pages\/7587\/revisions"}],"predecessor-version":[{"id":7588,"href":"https:\/\/www.divaclinic.com\/en\/wp-json\/wp\/v2\/pages\/7587\/revisions\/7588"}],"wp:attachment":[{"href":"https:\/\/www.divaclinic.com\/en\/wp-json\/wp\/v2\/media?parent=7587"}],"curies":[{"name":"wp","href":"https:\/\/api.w.org\/{rel}","templated":true}]}}