{"id":7584,"date":"2025-02-02T15:08:27","date_gmt":"2025-02-02T15:08:27","guid":{"rendered":"https:\/\/www.divaclinic.com\/before-and-after-gallery\/"},"modified":"2025-07-10T19:19:44","modified_gmt":"2025-07-10T19:19:44","slug":"before-and-after-gallery","status":"publish","type":"page","link":"https:\/\/www.divaclinic.com\/en\/before-and-after-gallery\/","title":{"rendered":"Before and After Gallery"},"content":{"rendered":"\t\t<div data-elementor-type=\"wp-page\" data-elementor-id=\"7584\" class=\"elementor elementor-7584 elementor-4871\" data-elementor-post-type=\"page\">\n\t\t\t\t<div class=\"elementor-element elementor-element-475ca95 e-flex e-con-boxed e-con e-parent\" data-id=\"475ca95\" data-element_type=\"container\" data-e-type=\"container\" data-settings=\"{&quot;background_background&quot;:&quot;classic&quot;,&quot;jet_parallax_layout_list&quot;:[]}\">\n\t\t\t\t\t<div class=\"e-con-inner\">\n\t\t\t\t<div class=\"elementor-element elementor-element-6951ec5 elementor-widget elementor-widget-heading\" data-id=\"6951ec5\" data-element_type=\"widget\" data-e-type=\"widget\" data-widget_type=\"heading.default\">\n\t\t\t\t<div class=\"elementor-widget-container\">\n\t\t\t\t\t<div class=\"elementor-heading-title elementor-size-default\">Before and after interventions<\/div>\t\t\t\t<\/div>\n\t\t\t\t<\/div>\n\t\t\t\t<div class=\"elementor-element elementor-element-7d5732a elementor-widget elementor-widget-heading\" data-id=\"7d5732a\" data-element_type=\"widget\" data-e-type=\"widget\" data-widget_type=\"heading.default\">\n\t\t\t\t<div class=\"elementor-widget-container\">\n\t\t\t\t\t<h2 class=\"elementor-heading-title elementor-size-default\">Gallery<\/h2>\t\t\t\t<\/div>\n\t\t\t\t<\/div>\n\t\t\t\t<div class=\"elementor-element elementor-element-8f00b93 elementor-widget elementor-widget-text-editor\" data-id=\"8f00b93\" data-element_type=\"widget\" data-e-type=\"widget\" data-widget_type=\"text-editor.default\">\n\t\t\t\t<div class=\"elementor-widget-container\">\n\t\t\t\t\t\t\t\t\tFrom mole removal, to beautiful complexion and wrinkle removal, to lip augmentation &#8211; see the results of procedures at Diva Polyclinic. Browse our &#8220;before and after&#8221; photo gallery and see for yourself the outstanding effects we achieve. Each image shows a transformation and proves our commitment to meeting high aesthetic goals.  \t\t\t\t\t\t\t\t<\/div>\n\t\t\t\t<\/div>\n\t\t<div class=\"elementor-element elementor-element-8e094ef e-con-full e-flex e-con e-child\" data-id=\"8e094ef\" data-element_type=\"container\" data-e-type=\"container\" data-settings=\"{&quot;jet_parallax_layout_list&quot;:[]}\">\n\t\t<div class=\"elementor-element elementor-element-ba98557 e-con-full e-flex e-con e-child\" data-id=\"ba98557\" data-element_type=\"container\" data-e-type=\"container\" data-settings=\"{&quot;jet_parallax_layout_list&quot;:[]}\">\n\t\t\t\t<div class=\"elementor-element elementor-element-9f4f6f5 elementor-widget elementor-widget-jet-image-comparison\" data-id=\"9f4f6f5\" data-element_type=\"widget\" data-e-type=\"widget\" data-settings=\"{&quot;slides_to_show&quot;:&quot;1&quot;}\" data-widget_type=\"jet-image-comparison.default\">\n\t\t\t\t<div class=\"elementor-widget-container\">\n\t\t\t\t\t<div class=\"elementor-jet-image-comparison jet-elements\"><div class=\"jet-image-comparison\">\n\t<div class=\"jet-image-comparison__instance elementor-slick-slider\" data-settings='{&quot;slidesToShow&quot;:{&quot;desktop&quot;:1},&quot;autoplaySpeed&quot;:5000,&quot;autoplay&quot;:true,&quot;pauseOnHover&quot;:false,&quot;speed&quot;:500,&quot;arrows&quot;:false,&quot;dots&quot;:true,&quot;slidesToScroll&quot;:1,&quot;prevArrow&quot;:&quot;.jet-image-comparison__prev-arrow-9f4f6f5&quot;,&quot;nextArrow&quot;:&quot;.jet-image-comparison__next-arrow-9f4f6f5&quot;,&quot;rtl&quot;:false}' dir=\"ltr\">\n<div class=\"jet-image-comparison__item\">\n\t<div class=\"jet-image-comparison__container jet-juxtapose\"\n\t\tdata-prev-icon=\"&lt;svg width=&quot;24&quot; height=&quot;24&quot; viewBox=&quot;0 0 24 24&quot; fill=&quot;none&quot; xmlns=&quot;http:\/\/www.w3.org\/2000\/svg&quot;&gt;&lt;path d=&quot;M14.625 5.3999L16.3 7.0749L11.35 12.0249L16.3 16.9749L14.625 18.6499L7.99999 12.0249L14.625 5.3999Z&quot; fill=&quot;#0F172A&quot;\/&gt;&lt;\/svg&gt;\"\n\t\tdata-next-icon=\"&lt;svg width=&quot;24&quot; height=&quot;24&quot; viewBox=&quot;0 0 24 24&quot; fill=&quot;none&quot; xmlns=&quot;http:\/\/www.w3.org\/2000\/svg&quot;&gt;&lt;path d=&quot;M9.37501 18.6001L7.70001 16.9251L12.65 11.9751L7.70001 7.0251L9.37501 5.3501L16 11.9751L9.37501 18.6001Z&quot; fill=&quot;#0F172A&quot;\/&gt;&lt;\/svg&gt;\"\n\t\tdata-makeresponsive=\"true\"\n\t\tdata-startingposition=\"50%\">\n\t\t\n\t\t<img class=\"jet-image-comparison__before-image a3-notlazy\"\n\t\t\tsrc=\"https:\/\/www.divaclinic.com\/wp-content\/uploads\/2024\/12\/Tijana-pre.webp\"\n\t\t\t\t\t\talt=\"Tijana-pre\"\n\t\t\tdata-no-lazy=\"1\">\n\n\t\t<img class=\"jet-image-comparison__after-image a3-notlazy\"\n\t\t\tsrc=\"https:\/\/www.divaclinic.com\/wp-content\/uploads\/2024\/12\/500x750-Tijana.webp\"\n\t\t\t\t\t\talt=\"500x750-Tijana\"\n\t\t\tdata-no-lazy=\"1\">\n\t<\/div>\n<\/div>\n\n<\/div>\n<\/div>\n<\/div>\t\t\t\t<\/div>\n\t\t\t\t<\/div>\n\t\t\t\t<div class=\"elementor-element elementor-element-6db1f29 galerija elementor-widget elementor-widget-text-editor\" data-id=\"6db1f29\" data-element_type=\"widget\" data-e-type=\"widget\" data-widget_type=\"text-editor.default\">\n\t\t\t\t<div class=\"elementor-widget-container\">\n\t\t\t\t\t\t\t\t\tCorrection of under-eye bags and nasolabial folds with hyaluronic acid and lip refreshing with hyaluronic acid using the pixel cannula technique\t\t\t\t\t\t\t\t<\/div>\n\t\t\t\t<\/div>\n\t\t\t\t<\/div>\n\t\t<div class=\"elementor-element elementor-element-86a5c6e e-con-full e-flex e-con e-child\" data-id=\"86a5c6e\" data-element_type=\"container\" data-e-type=\"container\" data-settings=\"{&quot;jet_parallax_layout_list&quot;:[]}\">\n\t\t\t\t<div class=\"elementor-element elementor-element-09cd75c elementor-widget elementor-widget-jet-image-comparison\" data-id=\"09cd75c\" data-element_type=\"widget\" data-e-type=\"widget\" data-settings=\"{&quot;slides_to_show&quot;:&quot;1&quot;}\" data-widget_type=\"jet-image-comparison.default\">\n\t\t\t\t<div class=\"elementor-widget-container\">\n\t\t\t\t\t<div class=\"elementor-jet-image-comparison jet-elements\"><div class=\"jet-image-comparison\">\n\t<div class=\"jet-image-comparison__instance elementor-slick-slider\" data-settings='{&quot;slidesToShow&quot;:{&quot;desktop&quot;:1},&quot;autoplaySpeed&quot;:5000,&quot;autoplay&quot;:true,&quot;pauseOnHover&quot;:false,&quot;speed&quot;:500,&quot;arrows&quot;:false,&quot;dots&quot;:true,&quot;slidesToScroll&quot;:1,&quot;prevArrow&quot;:&quot;.jet-image-comparison__prev-arrow-09cd75c&quot;,&quot;nextArrow&quot;:&quot;.jet-image-comparison__next-arrow-09cd75c&quot;,&quot;rtl&quot;:false}' dir=\"ltr\">\n<div class=\"jet-image-comparison__item\">\n\t<div class=\"jet-image-comparison__container jet-juxtapose\"\n\t\tdata-prev-icon=\"&lt;svg width=&quot;24&quot; height=&quot;24&quot; viewBox=&quot;0 0 24 24&quot; fill=&quot;none&quot; xmlns=&quot;http:\/\/www.w3.org\/2000\/svg&quot;&gt;&lt;path d=&quot;M14.625 5.3999L16.3 7.0749L11.35 12.0249L16.3 16.9749L14.625 18.6499L7.99999 12.0249L14.625 5.3999Z&quot; fill=&quot;#0F172A&quot;\/&gt;&lt;\/svg&gt;\"\n\t\tdata-next-icon=\"&lt;svg width=&quot;24&quot; height=&quot;24&quot; viewBox=&quot;0 0 24 24&quot; fill=&quot;none&quot; xmlns=&quot;http:\/\/www.w3.org\/2000\/svg&quot;&gt;&lt;path d=&quot;M9.37501 18.6001L7.70001 16.9251L12.65 11.9751L7.70001 7.0251L9.37501 5.3501L16 11.9751L9.37501 18.6001Z&quot; fill=&quot;#0F172A&quot;\/&gt;&lt;\/svg&gt;\"\n\t\tdata-makeresponsive=\"true\"\n\t\tdata-startingposition=\"50%\">\n\t\t\n\t\t<img class=\"jet-image-comparison__before-image a3-notlazy\"\n\t\t\tsrc=\"https:\/\/www.divaclinic.com\/wp-content\/uploads\/2025\/02\/Milka-vise-sredjena-pre-tretmana_1.webp\"\n\t\t\t\t\t\talt=\"Milka-vise-sredjena-pre-tretmana_1\"\n\t\t\tdata-no-lazy=\"1\">\n\n\t\t<img class=\"jet-image-comparison__after-image a3-notlazy\"\n\t\t\tsrc=\"https:\/\/www.divaclinic.com\/wp-content\/uploads\/2025\/02\/500x750-Milka_1.webp\"\n\t\t\t\t\t\talt=\"500x750-Milka_1\"\n\t\t\tdata-no-lazy=\"1\">\n\t<\/div>\n<\/div>\n\n<\/div>\n<\/div>\n<\/div>\t\t\t\t<\/div>\n\t\t\t\t<\/div>\n\t\t\t\t<div class=\"elementor-element elementor-element-d1de6ab galerija elementor-widget elementor-widget-text-editor\" data-id=\"d1de6ab\" data-element_type=\"widget\" data-e-type=\"widget\" data-widget_type=\"text-editor.default\">\n\t\t\t\t<div class=\"elementor-widget-container\">\n\t\t\t\t\t\t\t\t\t<p>Rejuvenation, correction of fine wrinkles and lifting effect with 4D combo laser&nbsp;<\/p>\t\t\t\t\t\t\t\t<\/div>\n\t\t\t\t<\/div>\n\t\t\t\t<\/div>\n\t\t<div class=\"elementor-element elementor-element-6b70856 e-con-full e-flex e-con e-child\" data-id=\"6b70856\" data-element_type=\"container\" data-e-type=\"container\" data-settings=\"{&quot;jet_parallax_layout_list&quot;:[]}\">\n\t\t\t\t<div class=\"elementor-element elementor-element-60f92fb elementor-widget elementor-widget-jet-image-comparison\" data-id=\"60f92fb\" data-element_type=\"widget\" data-e-type=\"widget\" data-settings=\"{&quot;slides_to_show&quot;:&quot;1&quot;}\" data-widget_type=\"jet-image-comparison.default\">\n\t\t\t\t<div class=\"elementor-widget-container\">\n\t\t\t\t\t<div class=\"elementor-jet-image-comparison jet-elements\"><div class=\"jet-image-comparison\">\n\t<div class=\"jet-image-comparison__instance elementor-slick-slider\" data-settings='{&quot;slidesToShow&quot;:{&quot;desktop&quot;:1},&quot;autoplaySpeed&quot;:5000,&quot;autoplay&quot;:true,&quot;pauseOnHover&quot;:false,&quot;speed&quot;:500,&quot;arrows&quot;:false,&quot;dots&quot;:true,&quot;slidesToScroll&quot;:1,&quot;prevArrow&quot;:&quot;.jet-image-comparison__prev-arrow-60f92fb&quot;,&quot;nextArrow&quot;:&quot;.jet-image-comparison__next-arrow-60f92fb&quot;,&quot;rtl&quot;:false}' dir=\"ltr\">\n<div class=\"jet-image-comparison__item\">\n\t<div class=\"jet-image-comparison__container jet-juxtapose\"\n\t\tdata-prev-icon=\"&lt;svg width=&quot;24&quot; height=&quot;24&quot; viewBox=&quot;0 0 24 24&quot; fill=&quot;none&quot; xmlns=&quot;http:\/\/www.w3.org\/2000\/svg&quot;&gt;&lt;path d=&quot;M14.625 5.3999L16.3 7.0749L11.35 12.0249L16.3 16.9749L14.625 18.6499L7.99999 12.0249L14.625 5.3999Z&quot; fill=&quot;#0F172A&quot;\/&gt;&lt;\/svg&gt;\"\n\t\tdata-next-icon=\"&lt;svg width=&quot;24&quot; height=&quot;24&quot; viewBox=&quot;0 0 24 24&quot; fill=&quot;none&quot; xmlns=&quot;http:\/\/www.w3.org\/2000\/svg&quot;&gt;&lt;path d=&quot;M9.37501 18.6001L7.70001 16.9251L12.65 11.9751L7.70001 7.0251L9.37501 5.3501L16 11.9751L9.37501 18.6001Z&quot; fill=&quot;#0F172A&quot;\/&gt;&lt;\/svg&gt;\"\n\t\tdata-makeresponsive=\"true\"\n\t\tdata-startingposition=\"50%\">\n\t\t\n\t\t<img class=\"jet-image-comparison__before-image a3-notlazy\"\n\t\t\tsrc=\"https:\/\/www.divaclinic.com\/wp-content\/uploads\/2025\/02\/500x750-3-pre.webp\"\n\t\t\t\t\t\talt=\"500x750-3-pre\"\n\t\t\tdata-no-lazy=\"1\">\n\n\t\t<img class=\"jet-image-comparison__after-image a3-notlazy\"\n\t\t\tsrc=\"https:\/\/www.divaclinic.com\/wp-content\/uploads\/2025\/02\/500x750-3.webp\"\n\t\t\t\t\t\talt=\"500x750-3\"\n\t\t\tdata-no-lazy=\"1\">\n\t<\/div>\n<\/div>\n\n<\/div>\n<\/div>\n<\/div>\t\t\t\t<\/div>\n\t\t\t\t<\/div>\n\t\t\t\t<div class=\"elementor-element elementor-element-270ba25 galerija elementor-widget elementor-widget-text-editor\" data-id=\"270ba25\" data-element_type=\"widget\" data-e-type=\"widget\" data-widget_type=\"text-editor.default\">\n\t\t\t\t<div class=\"elementor-widget-container\">\n\t\t\t\t\t\t\t\t\tLip Filling and Rejuvenation\t\t\t\t\t\t\t\t<\/div>\n\t\t\t\t<\/div>\n\t\t\t\t<\/div>\n\t\t<div class=\"elementor-element elementor-element-f1a78d6 e-con-full e-flex e-con e-child\" data-id=\"f1a78d6\" data-element_type=\"container\" data-e-type=\"container\" data-settings=\"{&quot;jet_parallax_layout_list&quot;:[]}\">\n\t\t\t\t<div class=\"elementor-element elementor-element-c02ecc2 elementor-widget elementor-widget-jet-image-comparison\" data-id=\"c02ecc2\" data-element_type=\"widget\" data-e-type=\"widget\" data-settings=\"{&quot;slides_to_show&quot;:&quot;1&quot;}\" data-widget_type=\"jet-image-comparison.default\">\n\t\t\t\t<div class=\"elementor-widget-container\">\n\t\t\t\t\t<div class=\"elementor-jet-image-comparison jet-elements\"><div class=\"jet-image-comparison\">\n\t<div class=\"jet-image-comparison__instance elementor-slick-slider\" data-settings='{&quot;slidesToShow&quot;:{&quot;desktop&quot;:1},&quot;autoplaySpeed&quot;:5000,&quot;autoplay&quot;:true,&quot;pauseOnHover&quot;:false,&quot;speed&quot;:500,&quot;arrows&quot;:false,&quot;dots&quot;:true,&quot;slidesToScroll&quot;:1,&quot;prevArrow&quot;:&quot;.jet-image-comparison__prev-arrow-c02ecc2&quot;,&quot;nextArrow&quot;:&quot;.jet-image-comparison__next-arrow-c02ecc2&quot;,&quot;rtl&quot;:false}' dir=\"ltr\">\n<div class=\"jet-image-comparison__item\">\n\t<div class=\"jet-image-comparison__container jet-juxtapose\"\n\t\tdata-prev-icon=\"&lt;svg width=&quot;24&quot; height=&quot;24&quot; viewBox=&quot;0 0 24 24&quot; fill=&quot;none&quot; xmlns=&quot;http:\/\/www.w3.org\/2000\/svg&quot;&gt;&lt;path d=&quot;M14.625 5.3999L16.3 7.0749L11.35 12.0249L16.3 16.9749L14.625 18.6499L7.99999 12.0249L14.625 5.3999Z&quot; fill=&quot;#0F172A&quot;\/&gt;&lt;\/svg&gt;\"\n\t\tdata-next-icon=\"&lt;svg width=&quot;24&quot; height=&quot;24&quot; viewBox=&quot;0 0 24 24&quot; fill=&quot;none&quot; xmlns=&quot;http:\/\/www.w3.org\/2000\/svg&quot;&gt;&lt;path d=&quot;M9.37501 18.6001L7.70001 16.9251L12.65 11.9751L7.70001 7.0251L9.37501 5.3501L16 11.9751L9.37501 18.6001Z&quot; fill=&quot;#0F172A&quot;\/&gt;&lt;\/svg&gt;\"\n\t\tdata-makeresponsive=\"true\"\n\t\tdata-startingposition=\"50%\">\n\t\t\n\t\t<img class=\"jet-image-comparison__before-image a3-notlazy\"\n\t\t\tsrc=\"https:\/\/www.divaclinic.com\/wp-content\/uploads\/2025\/02\/500x750-2-pre-crna-zena.webp\"\n\t\t\t\t\t\talt=\"500x750-2-pre-crna-zena\"\n\t\t\tdata-no-lazy=\"1\">\n\n\t\t<img class=\"jet-image-comparison__after-image a3-notlazy\"\n\t\t\tsrc=\"https:\/\/www.divaclinic.com\/wp-content\/uploads\/2025\/02\/500x750-2.webp\"\n\t\t\t\t\t\talt=\"500x750-2\"\n\t\t\tdata-no-lazy=\"1\">\n\t<\/div>\n<\/div>\n\n<\/div>\n<\/div>\n<\/div>\t\t\t\t<\/div>\n\t\t\t\t<\/div>\n\t\t\t\t<div class=\"elementor-element elementor-element-0960c67 elementor-widget elementor-widget-text-editor\" data-id=\"0960c67\" data-element_type=\"widget\" data-e-type=\"widget\" data-widget_type=\"text-editor.default\">\n\t\t\t\t<div class=\"elementor-widget-container\">\n\t\t\t\t\t\t\t\t\tCorrection of under-eye circles and nasolabial folds in combination with a mid-face lift using hyaluronic acid with the pixel cannula technique\t\t\t\t\t\t\t\t<\/div>\n\t\t\t\t<\/div>\n\t\t\t\t<\/div>\n\t\t\t\t<\/div>\n\t\t\t\t\t<\/div>\n\t\t\t\t<\/div>\n\t\t\t\t<\/div>\n\t\t","protected":false},"excerpt":{"rendered":"<p>Before and after interventions Gallery From mole removal, to beautiful complexion and wrinkle removal, to lip augmentation &#8211; see the results of procedures at Diva Polyclinic. Browse our &#8220;before and after&#8221; photo gallery and see for yourself the outstanding effects we achieve. Each image shows a transformation and proves our commitment to meeting high aesthetic [&hellip;]<\/p>\n","protected":false},"author":2,"featured_media":0,"parent":0,"menu_order":0,"comment_status":"closed","ping_status":"closed","template":"","meta":{"footnotes":""},"class_list":["post-7584","page","type-page","status-publish","hentry"],"yoast_head":"<!-- This site is optimized with the Yoast SEO plugin v27.4 - https:\/\/yoast.com\/product\/yoast-seo-wordpress\/ -->\n<title>Before and After Gallery - Diva poliklinika dr Bogdanovi\u0107<\/title>\n<meta name=\"robots\" content=\"index, follow, max-snippet:-1, max-image-preview:large, max-video-preview:-1\" \/>\n<link rel=\"canonical\" href=\"https:\/\/www.divaclinic.com\/en\/before-and-after-gallery\/\" \/>\n<meta property=\"og:locale\" content=\"en_US\" \/>\n<meta property=\"og:type\" content=\"article\" \/>\n<meta property=\"og:title\" content=\"Before and After Gallery - Diva poliklinika dr Bogdanovi\u0107\" \/>\n<meta property=\"og:description\" content=\"Before and after interventions Gallery From mole removal, to beautiful complexion and wrinkle removal, to lip augmentation &#8211; see the results of procedures at Diva Polyclinic. Browse our &#8220;before and after&#8221; photo gallery and see for yourself the outstanding effects we achieve. Each image shows a transformation and proves our commitment to meeting high aesthetic [&hellip;]\" \/>\n<meta property=\"og:url\" content=\"https:\/\/www.divaclinic.com\/en\/before-and-after-gallery\/\" \/>\n<meta property=\"og:site_name\" content=\"Diva poliklinika dr Bogdanovi\u0107\" \/>\n<meta property=\"article:modified_time\" content=\"2025-07-10T19:19:44+00:00\" \/>\n<meta property=\"og:image\" content=\"https:\/\/www.divaclinic.com\/wp-content\/uploads\/2024\/12\/Tijana-pre.webp\" \/>\n<meta name=\"twitter:card\" content=\"summary_large_image\" \/>\n<meta name=\"twitter:label1\" content=\"Est. reading time\" \/>\n\t<meta name=\"twitter:data1\" content=\"1 minute\" \/>\n<script type=\"application\/ld+json\" class=\"yoast-schema-graph\">{\"@context\":\"https:\\\/\\\/schema.org\",\"@graph\":[{\"@type\":\"WebPage\",\"@id\":\"https:\\\/\\\/www.divaclinic.com\\\/en\\\/before-and-after-gallery\\\/\",\"url\":\"https:\\\/\\\/www.divaclinic.com\\\/en\\\/before-and-after-gallery\\\/\",\"name\":\"Before and After Gallery - Diva poliklinika dr Bogdanovi\u0107\",\"isPartOf\":{\"@id\":\"https:\\\/\\\/www.divaclinic.com\\\/en\\\/#website\"},\"primaryImageOfPage\":{\"@id\":\"https:\\\/\\\/www.divaclinic.com\\\/en\\\/before-and-after-gallery\\\/#primaryimage\"},\"image\":{\"@id\":\"https:\\\/\\\/www.divaclinic.com\\\/en\\\/before-and-after-gallery\\\/#primaryimage\"},\"thumbnailUrl\":\"https:\\\/\\\/www.divaclinic.com\\\/wp-content\\\/uploads\\\/2024\\\/12\\\/Tijana-pre.webp\",\"datePublished\":\"2025-02-02T15:08:27+00:00\",\"dateModified\":\"2025-07-10T19:19:44+00:00\",\"inLanguage\":\"en-US\",\"potentialAction\":[{\"@type\":\"ReadAction\",\"target\":[\"https:\\\/\\\/www.divaclinic.com\\\/en\\\/before-and-after-gallery\\\/\"]}]},{\"@type\":\"ImageObject\",\"inLanguage\":\"en-US\",\"@id\":\"https:\\\/\\\/www.divaclinic.com\\\/en\\\/before-and-after-gallery\\\/#primaryimage\",\"url\":\"https:\\\/\\\/www.divaclinic.com\\\/wp-content\\\/uploads\\\/2024\\\/12\\\/Tijana-pre.webp\",\"contentUrl\":\"https:\\\/\\\/www.divaclinic.com\\\/wp-content\\\/uploads\\\/2024\\\/12\\\/Tijana-pre.webp\"},{\"@type\":\"WebSite\",\"@id\":\"https:\\\/\\\/www.divaclinic.com\\\/en\\\/#website\",\"url\":\"https:\\\/\\\/www.divaclinic.com\\\/en\\\/\",\"name\":\"Diva poliklinika dr Bogdanovi\u0107\",\"description\":\"Podmla\u0111ivanje | Mlade\u017ei | Laseri\",\"publisher\":{\"@id\":\"https:\\\/\\\/www.divaclinic.com\\\/en\\\/#organization\"},\"potentialAction\":[{\"@type\":\"SearchAction\",\"target\":{\"@type\":\"EntryPoint\",\"urlTemplate\":\"https:\\\/\\\/www.divaclinic.com\\\/en\\\/?s={search_term_string}\"},\"query-input\":{\"@type\":\"PropertyValueSpecification\",\"valueRequired\":true,\"valueName\":\"search_term_string\"}}],\"inLanguage\":\"en-US\"},{\"@type\":\"Organization\",\"@id\":\"https:\\\/\\\/www.divaclinic.com\\\/en\\\/#organization\",\"name\":\"Diva poliklinika dr Bogdanovi\u0107\",\"url\":\"https:\\\/\\\/www.divaclinic.com\\\/en\\\/\",\"logo\":{\"@type\":\"ImageObject\",\"inLanguage\":\"en-US\",\"@id\":\"https:\\\/\\\/www.divaclinic.com\\\/en\\\/#\\\/schema\\\/logo\\\/image\\\/\",\"url\":\"https:\\\/\\\/www.divaclinic.com\\\/wp-content\\\/uploads\\\/2024\\\/06\\\/cropped-Asset-6@3x.png\",\"contentUrl\":\"https:\\\/\\\/www.divaclinic.com\\\/wp-content\\\/uploads\\\/2024\\\/06\\\/cropped-Asset-6@3x.png\",\"width\":418,\"height\":241,\"caption\":\"Diva poliklinika dr Bogdanovi\u0107\"},\"image\":{\"@id\":\"https:\\\/\\\/www.divaclinic.com\\\/en\\\/#\\\/schema\\\/logo\\\/image\\\/\"}}]}<\/script>\n<!-- \/ Yoast SEO plugin. -->","yoast_head_json":{"title":"Before and After Gallery - Diva poliklinika dr Bogdanovi\u0107","robots":{"index":"index","follow":"follow","max-snippet":"max-snippet:-1","max-image-preview":"max-image-preview:large","max-video-preview":"max-video-preview:-1"},"canonical":"https:\/\/www.divaclinic.com\/en\/before-and-after-gallery\/","og_locale":"en_US","og_type":"article","og_title":"Before and After Gallery - Diva poliklinika dr Bogdanovi\u0107","og_description":"Before and after interventions Gallery From mole removal, to beautiful complexion and wrinkle removal, to lip augmentation &#8211; see the results of procedures at Diva Polyclinic. Browse our &#8220;before and after&#8221; photo gallery and see for yourself the outstanding effects we achieve. Each image shows a transformation and proves our commitment to meeting high aesthetic [&hellip;]","og_url":"https:\/\/www.divaclinic.com\/en\/before-and-after-gallery\/","og_site_name":"Diva poliklinika dr Bogdanovi\u0107","article_modified_time":"2025-07-10T19:19:44+00:00","og_image":[{"url":"https:\/\/www.divaclinic.com\/wp-content\/uploads\/2024\/12\/Tijana-pre.webp","type":"","width":"","height":""}],"twitter_card":"summary_large_image","twitter_misc":{"Est. reading time":"1 minute"},"schema":{"@context":"https:\/\/schema.org","@graph":[{"@type":"WebPage","@id":"https:\/\/www.divaclinic.com\/en\/before-and-after-gallery\/","url":"https:\/\/www.divaclinic.com\/en\/before-and-after-gallery\/","name":"Before and After Gallery - Diva poliklinika dr Bogdanovi\u0107","isPartOf":{"@id":"https:\/\/www.divaclinic.com\/en\/#website"},"primaryImageOfPage":{"@id":"https:\/\/www.divaclinic.com\/en\/before-and-after-gallery\/#primaryimage"},"image":{"@id":"https:\/\/www.divaclinic.com\/en\/before-and-after-gallery\/#primaryimage"},"thumbnailUrl":"https:\/\/www.divaclinic.com\/wp-content\/uploads\/2024\/12\/Tijana-pre.webp","datePublished":"2025-02-02T15:08:27+00:00","dateModified":"2025-07-10T19:19:44+00:00","inLanguage":"en-US","potentialAction":[{"@type":"ReadAction","target":["https:\/\/www.divaclinic.com\/en\/before-and-after-gallery\/"]}]},{"@type":"ImageObject","inLanguage":"en-US","@id":"https:\/\/www.divaclinic.com\/en\/before-and-after-gallery\/#primaryimage","url":"https:\/\/www.divaclinic.com\/wp-content\/uploads\/2024\/12\/Tijana-pre.webp","contentUrl":"https:\/\/www.divaclinic.com\/wp-content\/uploads\/2024\/12\/Tijana-pre.webp"},{"@type":"WebSite","@id":"https:\/\/www.divaclinic.com\/en\/#website","url":"https:\/\/www.divaclinic.com\/en\/","name":"Diva poliklinika dr Bogdanovi\u0107","description":"Podmla\u0111ivanje | Mlade\u017ei | Laseri","publisher":{"@id":"https:\/\/www.divaclinic.com\/en\/#organization"},"potentialAction":[{"@type":"SearchAction","target":{"@type":"EntryPoint","urlTemplate":"https:\/\/www.divaclinic.com\/en\/?s={search_term_string}"},"query-input":{"@type":"PropertyValueSpecification","valueRequired":true,"valueName":"search_term_string"}}],"inLanguage":"en-US"},{"@type":"Organization","@id":"https:\/\/www.divaclinic.com\/en\/#organization","name":"Diva poliklinika dr Bogdanovi\u0107","url":"https:\/\/www.divaclinic.com\/en\/","logo":{"@type":"ImageObject","inLanguage":"en-US","@id":"https:\/\/www.divaclinic.com\/en\/#\/schema\/logo\/image\/","url":"https:\/\/www.divaclinic.com\/wp-content\/uploads\/2024\/06\/cropped-Asset-6@3x.png","contentUrl":"https:\/\/www.divaclinic.com\/wp-content\/uploads\/2024\/06\/cropped-Asset-6@3x.png","width":418,"height":241,"caption":"Diva poliklinika dr Bogdanovi\u0107"},"image":{"@id":"https:\/\/www.divaclinic.com\/en\/#\/schema\/logo\/image\/"}}]}},"_links":{"self":[{"href":"https:\/\/www.divaclinic.com\/en\/wp-json\/wp\/v2\/pages\/7584","targetHints":{"allow":["GET"]}}],"collection":[{"href":"https:\/\/www.divaclinic.com\/en\/wp-json\/wp\/v2\/pages"}],"about":[{"href":"https:\/\/www.divaclinic.com\/en\/wp-json\/wp\/v2\/types\/page"}],"author":[{"embeddable":true,"href":"https:\/\/www.divaclinic.com\/en\/wp-json\/wp\/v2\/users\/2"}],"replies":[{"embeddable":true,"href":"https:\/\/www.divaclinic.com\/en\/wp-json\/wp\/v2\/comments?post=7584"}],"version-history":[{"count":1,"href":"https:\/\/www.divaclinic.com\/en\/wp-json\/wp\/v2\/pages\/7584\/revisions"}],"predecessor-version":[{"id":7585,"href":"https:\/\/www.divaclinic.com\/en\/wp-json\/wp\/v2\/pages\/7584\/revisions\/7585"}],"wp:attachment":[{"href":"https:\/\/www.divaclinic.com\/en\/wp-json\/wp\/v2\/media?parent=7584"}],"curies":[{"name":"wp","href":"https:\/\/api.w.org\/{rel}","templated":true}]}}