{"id":4929,"date":"2025-02-02T14:17:07","date_gmt":"2025-02-02T14:17:07","guid":{"rendered":"https:\/\/www.divaclinic.com\/diva-clinic\/aleksandra-simic\/"},"modified":"2025-02-02T22:01:28","modified_gmt":"2025-02-02T22:01:28","slug":"aleksandra-simic","status":"publish","type":"page","link":"https:\/\/www.divaclinic.com\/en\/diva-clinic\/aleksandra-simic\/","title":{"rendered":"Aleksandra Simi\u0107"},"content":{"rendered":"\t\t<div data-elementor-type=\"wp-page\" data-elementor-id=\"4929\" class=\"elementor elementor-4929 elementor-4796\" data-elementor-post-type=\"page\">\n\t\t\t\t<div class=\"elementor-element elementor-element-5e668bc e-flex e-con-boxed e-con e-parent\" data-id=\"5e668bc\" data-element_type=\"container\" data-e-type=\"container\" data-settings=\"{&quot;jet_parallax_layout_list&quot;:[]}\">\n\t\t\t\t\t<div class=\"e-con-inner\">\n\t\t\t\t<div class=\"elementor-element elementor-element-ca95811 elementor-widget__width-initial elementor-widget elementor-widget-breadcrumbs\" data-id=\"ca95811\" data-element_type=\"widget\" data-e-type=\"widget\" data-widget_type=\"breadcrumbs.default\">\n\t\t\t\t<div class=\"elementor-widget-container\">\n\t\t\t\t\t<p id=\"breadcrumbs\"><\/p>\t\t\t\t<\/div>\n\t\t\t\t<\/div>\n\t\t\t\t<div class=\"elementor-element elementor-element-af64787 elementor-widget elementor-widget-image\" data-id=\"af64787\" data-element_type=\"widget\" data-e-type=\"widget\" data-widget_type=\"image.default\">\n\t\t\t\t<div class=\"elementor-widget-container\">\n\t\t\t\t\t\t\t\t\t\t\t\t\t\t\t<img fetchpriority=\"high\" decoding=\"async\" width=\"321\" height=\"321\" src=\"https:\/\/www.divaclinic.com\/wp-content\/uploads\/2025\/02\/aleksandra-simic-voditeljka-iskustva-pacijenata-diva-poliklinika.jpg\" class=\"attachment-large size-large wp-image-4722\" alt=\"\" srcset=\"https:\/\/www.divaclinic.com\/wp-content\/uploads\/2025\/02\/aleksandra-simic-voditeljka-iskustva-pacijenata-diva-poliklinika.jpg 321w, https:\/\/www.divaclinic.com\/wp-content\/uploads\/2025\/02\/aleksandra-simic-voditeljka-iskustva-pacijenata-diva-poliklinika-300x300.jpg 300w, https:\/\/www.divaclinic.com\/wp-content\/uploads\/2025\/02\/aleksandra-simic-voditeljka-iskustva-pacijenata-diva-poliklinika-150x150.jpg 150w\" sizes=\"(max-width: 321px) 100vw, 321px\" \/>\t\t\t\t\t\t\t\t\t\t\t\t\t\t\t<\/div>\n\t\t\t\t<\/div>\n\t\t\t\t<div class=\"elementor-element elementor-element-3dd588b elementor-widget elementor-widget-heading\" data-id=\"3dd588b\" data-element_type=\"widget\" data-e-type=\"widget\" data-widget_type=\"heading.default\">\n\t\t\t\t<div class=\"elementor-widget-container\">\n\t\t\t\t\t<div class=\"elementor-heading-title elementor-size-default\">TV host\n<\/div>\t\t\t\t<\/div>\n\t\t\t\t<\/div>\n\t\t\t\t<div class=\"elementor-element elementor-element-3ec0575 elementor-widget elementor-widget-heading\" data-id=\"3ec0575\" data-element_type=\"widget\" data-e-type=\"widget\" data-widget_type=\"heading.default\">\n\t\t\t\t<div class=\"elementor-widget-container\">\n\t\t\t\t\t<h1 class=\"elementor-heading-title elementor-size-default\">Aleksandra Simi\u0107\n<\/h1>\t\t\t\t<\/div>\n\t\t\t\t<\/div>\n\t\t<div class=\"elementor-element elementor-element-1a3a623 e-flex e-con-boxed e-con e-child\" data-id=\"1a3a623\" data-element_type=\"container\" data-e-type=\"container\" data-settings=\"{&quot;jet_parallax_layout_list&quot;:[]}\">\n\t\t\t\t\t<div class=\"e-con-inner\">\n\t\t\t\t<div class=\"elementor-element elementor-element-e0ba7d8 elementor-widget elementor-widget-text-editor\" data-id=\"e0ba7d8\" data-element_type=\"widget\" data-e-type=\"widget\" data-widget_type=\"text-editor.default\">\n\t\t\t\t<div class=\"elementor-widget-container\">\n\t\t\t\t\t\t\t\t\t<p>Before I knew Dr. Bogdanovi\u0107, she was synonymous to me with minor and major important interventions, so necessary for everyone, which fall under aesthetics and healthy skin. She first won me over with her knowledge and gained my trust when I came in for a mole examination. Everything was fine, and we began our collaboration and care for my face.  <\/p>\n<p>I support the idea that every woman after the age of 40 should embrace modern rejuvenation methods. The contours of my face are pronounced, as are my facial expressions, so I had wrinkles from early youth. Today, with Dr. Bogdanovi\u0107&#8217;s help, my face glows thanks to treatments with a small amount of Botox and hyaluronic acid, as well as TwinLight laser. I think that nowadays, this type of cosmetic care is a matter of personal hygiene and self-care. I don&#8217;t limit it to just one gender because I think men should take care of themselves too. Today, I know that for any skin problem or any unwanted wrinkle on my face, Dr. Bogdanovi\u0107 has a solution for me. I&#8217;m not very trusting when it comes to health matters, and it&#8217;s important to me to be helped by an expert like her. I was surprised when I learned that she completed two surgical specializations, as that is very rare.        <\/p>\n<p>The procedures don&#8217;t hurt, the look is natural, you are satisfied, you look fresher and younger, and it&#8217;s worth investing in your beauty in this way.<\/p>\n<p>My big, sincere recommendation from the heart is Dr. Svetlana Bogdanovi\u0107 and her excellent team!<\/p>\n\t\t\t\t\t\t\t\t<\/div>\n\t\t\t\t<\/div>\n\t\t\t\t\t<\/div>\n\t\t\t\t<\/div>\n\t\t\t\t\t<\/div>\n\t\t\t\t<\/div>\n\t\t\t\t<\/div>\n\t\t","protected":false},"excerpt":{"rendered":"<p>TV host Aleksandra Simi\u0107 Before I knew Dr. Bogdanovi\u0107, she was synonymous to me with minor and major important interventions, so necessary for everyone, which fall under aesthetics and healthy skin. She first won me over with her knowledge and gained my trust when I came in for a mole examination. Everything was fine, and [&hellip;]<\/p>\n","protected":false},"author":2,"featured_media":0,"parent":4914,"menu_order":0,"comment_status":"closed","ping_status":"closed","template":"","meta":{"footnotes":""},"class_list":["post-4929","page","type-page","status-publish","hentry"],"yoast_head":"<!-- This site is optimized with the Yoast SEO plugin v27.4 - https:\/\/yoast.com\/product\/yoast-seo-wordpress\/ -->\n<title>Aleksandra Simi\u0107 - Diva poliklinika dr Bogdanovi\u0107<\/title>\n<meta name=\"robots\" content=\"index, follow, max-snippet:-1, max-image-preview:large, max-video-preview:-1\" \/>\n<link rel=\"canonical\" href=\"https:\/\/www.divaclinic.com\/en\/diva-clinic\/aleksandra-simic\/\" \/>\n<meta property=\"og:locale\" content=\"en_US\" \/>\n<meta property=\"og:type\" content=\"article\" \/>\n<meta property=\"og:title\" content=\"Aleksandra Simi\u0107 - Diva poliklinika dr Bogdanovi\u0107\" \/>\n<meta property=\"og:description\" content=\"TV host Aleksandra Simi\u0107 Before I knew Dr. Bogdanovi\u0107, she was synonymous to me with minor and major important interventions, so necessary for everyone, which fall under aesthetics and healthy skin. She first won me over with her knowledge and gained my trust when I came in for a mole examination. Everything was fine, and [&hellip;]\" \/>\n<meta property=\"og:url\" content=\"https:\/\/www.divaclinic.com\/en\/diva-clinic\/aleksandra-simic\/\" \/>\n<meta property=\"og:site_name\" content=\"Diva poliklinika dr Bogdanovi\u0107\" \/>\n<meta property=\"article:modified_time\" content=\"2025-02-02T22:01:28+00:00\" \/>\n<meta property=\"og:image\" content=\"https:\/\/www.divaclinic.com\/wp-content\/uploads\/2025\/02\/aleksandra-simic-voditeljka-iskustva-pacijenata-diva-poliklinika.jpg\" \/>\n\t<meta property=\"og:image:width\" content=\"321\" \/>\n\t<meta property=\"og:image:height\" content=\"321\" \/>\n\t<meta property=\"og:image:type\" content=\"image\/jpeg\" \/>\n<meta name=\"twitter:card\" content=\"summary_large_image\" \/>\n<meta name=\"twitter:label1\" content=\"Est. reading time\" \/>\n\t<meta name=\"twitter:data1\" content=\"1 minute\" \/>\n<script type=\"application\/ld+json\" class=\"yoast-schema-graph\">{\"@context\":\"https:\\\/\\\/schema.org\",\"@graph\":[{\"@type\":\"WebPage\",\"@id\":\"https:\\\/\\\/www.divaclinic.com\\\/en\\\/diva-clinic\\\/aleksandra-simic\\\/\",\"url\":\"https:\\\/\\\/www.divaclinic.com\\\/en\\\/diva-clinic\\\/aleksandra-simic\\\/\",\"name\":\"Aleksandra Simi\u0107 - Diva poliklinika dr Bogdanovi\u0107\",\"isPartOf\":{\"@id\":\"https:\\\/\\\/www.divaclinic.com\\\/en\\\/#website\"},\"primaryImageOfPage\":{\"@id\":\"https:\\\/\\\/www.divaclinic.com\\\/en\\\/diva-clinic\\\/aleksandra-simic\\\/#primaryimage\"},\"image\":{\"@id\":\"https:\\\/\\\/www.divaclinic.com\\\/en\\\/diva-clinic\\\/aleksandra-simic\\\/#primaryimage\"},\"thumbnailUrl\":\"https:\\\/\\\/www.divaclinic.com\\\/wp-content\\\/uploads\\\/2025\\\/02\\\/aleksandra-simic-voditeljka-iskustva-pacijenata-diva-poliklinika.jpg\",\"datePublished\":\"2025-02-02T14:17:07+00:00\",\"dateModified\":\"2025-02-02T22:01:28+00:00\",\"breadcrumb\":{\"@id\":\"https:\\\/\\\/www.divaclinic.com\\\/en\\\/diva-clinic\\\/aleksandra-simic\\\/#breadcrumb\"},\"inLanguage\":\"en-US\",\"potentialAction\":[{\"@type\":\"ReadAction\",\"target\":[\"https:\\\/\\\/www.divaclinic.com\\\/en\\\/diva-clinic\\\/aleksandra-simic\\\/\"]}]},{\"@type\":\"ImageObject\",\"inLanguage\":\"en-US\",\"@id\":\"https:\\\/\\\/www.divaclinic.com\\\/en\\\/diva-clinic\\\/aleksandra-simic\\\/#primaryimage\",\"url\":\"https:\\\/\\\/www.divaclinic.com\\\/wp-content\\\/uploads\\\/2025\\\/02\\\/aleksandra-simic-voditeljka-iskustva-pacijenata-diva-poliklinika.jpg\",\"contentUrl\":\"https:\\\/\\\/www.divaclinic.com\\\/wp-content\\\/uploads\\\/2025\\\/02\\\/aleksandra-simic-voditeljka-iskustva-pacijenata-diva-poliklinika.jpg\"},{\"@type\":\"BreadcrumbList\",\"@id\":\"https:\\\/\\\/www.divaclinic.com\\\/en\\\/diva-clinic\\\/aleksandra-simic\\\/#breadcrumb\",\"itemListElement\":[{\"@type\":\"ListItem\",\"position\":1,\"name\":\"Diva Clinic\",\"item\":\"https:\\\/\\\/www.divaclinic.com\\\/en\\\/diva-clinic\\\/\"},{\"@type\":\"ListItem\",\"position\":2,\"name\":\"Aleksandra Simi\u0107\"}]},{\"@type\":\"WebSite\",\"@id\":\"https:\\\/\\\/www.divaclinic.com\\\/en\\\/#website\",\"url\":\"https:\\\/\\\/www.divaclinic.com\\\/en\\\/\",\"name\":\"Diva poliklinika dr Bogdanovi\u0107\",\"description\":\"Podmla\u0111ivanje | Mlade\u017ei | Laseri\",\"publisher\":{\"@id\":\"https:\\\/\\\/www.divaclinic.com\\\/en\\\/#organization\"},\"potentialAction\":[{\"@type\":\"SearchAction\",\"target\":{\"@type\":\"EntryPoint\",\"urlTemplate\":\"https:\\\/\\\/www.divaclinic.com\\\/en\\\/?s={search_term_string}\"},\"query-input\":{\"@type\":\"PropertyValueSpecification\",\"valueRequired\":true,\"valueName\":\"search_term_string\"}}],\"inLanguage\":\"en-US\"},{\"@type\":\"Organization\",\"@id\":\"https:\\\/\\\/www.divaclinic.com\\\/en\\\/#organization\",\"name\":\"Diva poliklinika dr Bogdanovi\u0107\",\"url\":\"https:\\\/\\\/www.divaclinic.com\\\/en\\\/\",\"logo\":{\"@type\":\"ImageObject\",\"inLanguage\":\"en-US\",\"@id\":\"https:\\\/\\\/www.divaclinic.com\\\/en\\\/#\\\/schema\\\/logo\\\/image\\\/\",\"url\":\"https:\\\/\\\/www.divaclinic.com\\\/wp-content\\\/uploads\\\/2024\\\/06\\\/cropped-Asset-6@3x.png\",\"contentUrl\":\"https:\\\/\\\/www.divaclinic.com\\\/wp-content\\\/uploads\\\/2024\\\/06\\\/cropped-Asset-6@3x.png\",\"width\":418,\"height\":241,\"caption\":\"Diva poliklinika dr Bogdanovi\u0107\"},\"image\":{\"@id\":\"https:\\\/\\\/www.divaclinic.com\\\/en\\\/#\\\/schema\\\/logo\\\/image\\\/\"}}]}<\/script>\n<!-- \/ Yoast SEO plugin. -->","yoast_head_json":{"title":"Aleksandra Simi\u0107 - Diva poliklinika dr Bogdanovi\u0107","robots":{"index":"index","follow":"follow","max-snippet":"max-snippet:-1","max-image-preview":"max-image-preview:large","max-video-preview":"max-video-preview:-1"},"canonical":"https:\/\/www.divaclinic.com\/en\/diva-clinic\/aleksandra-simic\/","og_locale":"en_US","og_type":"article","og_title":"Aleksandra Simi\u0107 - Diva poliklinika dr Bogdanovi\u0107","og_description":"TV host Aleksandra Simi\u0107 Before I knew Dr. Bogdanovi\u0107, she was synonymous to me with minor and major important interventions, so necessary for everyone, which fall under aesthetics and healthy skin. She first won me over with her knowledge and gained my trust when I came in for a mole examination. Everything was fine, and [&hellip;]","og_url":"https:\/\/www.divaclinic.com\/en\/diva-clinic\/aleksandra-simic\/","og_site_name":"Diva poliklinika dr Bogdanovi\u0107","article_modified_time":"2025-02-02T22:01:28+00:00","og_image":[{"width":321,"height":321,"url":"https:\/\/www.divaclinic.com\/wp-content\/uploads\/2025\/02\/aleksandra-simic-voditeljka-iskustva-pacijenata-diva-poliklinika.jpg","type":"image\/jpeg"}],"twitter_card":"summary_large_image","twitter_misc":{"Est. reading time":"1 minute"},"schema":{"@context":"https:\/\/schema.org","@graph":[{"@type":"WebPage","@id":"https:\/\/www.divaclinic.com\/en\/diva-clinic\/aleksandra-simic\/","url":"https:\/\/www.divaclinic.com\/en\/diva-clinic\/aleksandra-simic\/","name":"Aleksandra Simi\u0107 - Diva poliklinika dr Bogdanovi\u0107","isPartOf":{"@id":"https:\/\/www.divaclinic.com\/en\/#website"},"primaryImageOfPage":{"@id":"https:\/\/www.divaclinic.com\/en\/diva-clinic\/aleksandra-simic\/#primaryimage"},"image":{"@id":"https:\/\/www.divaclinic.com\/en\/diva-clinic\/aleksandra-simic\/#primaryimage"},"thumbnailUrl":"https:\/\/www.divaclinic.com\/wp-content\/uploads\/2025\/02\/aleksandra-simic-voditeljka-iskustva-pacijenata-diva-poliklinika.jpg","datePublished":"2025-02-02T14:17:07+00:00","dateModified":"2025-02-02T22:01:28+00:00","breadcrumb":{"@id":"https:\/\/www.divaclinic.com\/en\/diva-clinic\/aleksandra-simic\/#breadcrumb"},"inLanguage":"en-US","potentialAction":[{"@type":"ReadAction","target":["https:\/\/www.divaclinic.com\/en\/diva-clinic\/aleksandra-simic\/"]}]},{"@type":"ImageObject","inLanguage":"en-US","@id":"https:\/\/www.divaclinic.com\/en\/diva-clinic\/aleksandra-simic\/#primaryimage","url":"https:\/\/www.divaclinic.com\/wp-content\/uploads\/2025\/02\/aleksandra-simic-voditeljka-iskustva-pacijenata-diva-poliklinika.jpg","contentUrl":"https:\/\/www.divaclinic.com\/wp-content\/uploads\/2025\/02\/aleksandra-simic-voditeljka-iskustva-pacijenata-diva-poliklinika.jpg"},{"@type":"BreadcrumbList","@id":"https:\/\/www.divaclinic.com\/en\/diva-clinic\/aleksandra-simic\/#breadcrumb","itemListElement":[{"@type":"ListItem","position":1,"name":"Diva Clinic","item":"https:\/\/www.divaclinic.com\/en\/diva-clinic\/"},{"@type":"ListItem","position":2,"name":"Aleksandra Simi\u0107"}]},{"@type":"WebSite","@id":"https:\/\/www.divaclinic.com\/en\/#website","url":"https:\/\/www.divaclinic.com\/en\/","name":"Diva poliklinika dr Bogdanovi\u0107","description":"Podmla\u0111ivanje | Mlade\u017ei | Laseri","publisher":{"@id":"https:\/\/www.divaclinic.com\/en\/#organization"},"potentialAction":[{"@type":"SearchAction","target":{"@type":"EntryPoint","urlTemplate":"https:\/\/www.divaclinic.com\/en\/?s={search_term_string}"},"query-input":{"@type":"PropertyValueSpecification","valueRequired":true,"valueName":"search_term_string"}}],"inLanguage":"en-US"},{"@type":"Organization","@id":"https:\/\/www.divaclinic.com\/en\/#organization","name":"Diva poliklinika dr Bogdanovi\u0107","url":"https:\/\/www.divaclinic.com\/en\/","logo":{"@type":"ImageObject","inLanguage":"en-US","@id":"https:\/\/www.divaclinic.com\/en\/#\/schema\/logo\/image\/","url":"https:\/\/www.divaclinic.com\/wp-content\/uploads\/2024\/06\/cropped-Asset-6@3x.png","contentUrl":"https:\/\/www.divaclinic.com\/wp-content\/uploads\/2024\/06\/cropped-Asset-6@3x.png","width":418,"height":241,"caption":"Diva poliklinika dr Bogdanovi\u0107"},"image":{"@id":"https:\/\/www.divaclinic.com\/en\/#\/schema\/logo\/image\/"}}]}},"_links":{"self":[{"href":"https:\/\/www.divaclinic.com\/en\/wp-json\/wp\/v2\/pages\/4929","targetHints":{"allow":["GET"]}}],"collection":[{"href":"https:\/\/www.divaclinic.com\/en\/wp-json\/wp\/v2\/pages"}],"about":[{"href":"https:\/\/www.divaclinic.com\/en\/wp-json\/wp\/v2\/types\/page"}],"author":[{"embeddable":true,"href":"https:\/\/www.divaclinic.com\/en\/wp-json\/wp\/v2\/users\/2"}],"replies":[{"embeddable":true,"href":"https:\/\/www.divaclinic.com\/en\/wp-json\/wp\/v2\/comments?post=4929"}],"version-history":[{"count":0,"href":"https:\/\/www.divaclinic.com\/en\/wp-json\/wp\/v2\/pages\/4929\/revisions"}],"up":[{"embeddable":true,"href":"https:\/\/www.divaclinic.com\/en\/wp-json\/wp\/v2\/pages\/4914"}],"wp:attachment":[{"href":"https:\/\/www.divaclinic.com\/en\/wp-json\/wp\/v2\/media?parent=4929"}],"curies":[{"name":"wp","href":"https:\/\/api.w.org\/{rel}","templated":true}]}}