{"id":4927,"date":"2025-02-02T14:36:11","date_gmt":"2025-02-02T14:36:11","guid":{"rendered":"https:\/\/www.divaclinic.com\/diva-clinic\/danjelck-ko\/"},"modified":"2025-02-02T21:58:05","modified_gmt":"2025-02-02T21:58:05","slug":"danjelck-ko","status":"publish","type":"page","link":"https:\/\/www.divaclinic.com\/en\/diva-clinic\/danjelck-ko\/","title":{"rendered":"Danje\u0141\u010dk Ko"},"content":{"rendered":"\t\t<div data-elementor-type=\"wp-page\" data-elementor-id=\"4927\" class=\"elementor elementor-4927 elementor-4838\" data-elementor-post-type=\"page\">\n\t\t\t\t<div class=\"elementor-element elementor-element-624cbd5 e-flex e-con-boxed e-con e-parent\" data-id=\"624cbd5\" data-element_type=\"container\" data-e-type=\"container\" data-settings=\"{&quot;jet_parallax_layout_list&quot;:[]}\">\n\t\t\t\t\t<div class=\"e-con-inner\">\n\t\t\t\t<div class=\"elementor-element elementor-element-e19ae04 elementor-widget__width-initial elementor-widget elementor-widget-breadcrumbs\" data-id=\"e19ae04\" data-element_type=\"widget\" data-e-type=\"widget\" data-widget_type=\"breadcrumbs.default\">\n\t\t\t\t<div class=\"elementor-widget-container\">\n\t\t\t\t\t<p id=\"breadcrumbs\"><\/p>\t\t\t\t<\/div>\n\t\t\t\t<\/div>\n\t\t\t\t<div class=\"elementor-element elementor-element-8414000 elementor-widget elementor-widget-image\" data-id=\"8414000\" data-element_type=\"widget\" data-e-type=\"widget\" data-widget_type=\"image.default\">\n\t\t\t\t<div class=\"elementor-widget-container\">\n\t\t\t\t\t\t\t\t\t\t\t\t\t\t\t<img fetchpriority=\"high\" decoding=\"async\" width=\"318\" height=\"318\" src=\"https:\/\/www.divaclinic.com\/wp-content\/uploads\/2025\/02\/danjelck-ko-iskustva-pacijenata-poliklinika-diva-1.jpg\" class=\"attachment-large size-large wp-image-4740\" alt=\"\" srcset=\"https:\/\/www.divaclinic.com\/wp-content\/uploads\/2025\/02\/danjelck-ko-iskustva-pacijenata-poliklinika-diva-1.jpg 318w, https:\/\/www.divaclinic.com\/wp-content\/uploads\/2025\/02\/danjelck-ko-iskustva-pacijenata-poliklinika-diva-1-300x300.jpg 300w, https:\/\/www.divaclinic.com\/wp-content\/uploads\/2025\/02\/danjelck-ko-iskustva-pacijenata-poliklinika-diva-1-150x150.jpg 150w\" sizes=\"(max-width: 318px) 100vw, 318px\" \/>\t\t\t\t\t\t\t\t\t\t\t\t\t\t\t<\/div>\n\t\t\t\t<\/div>\n\t\t\t\t<div class=\"elementor-element elementor-element-40cd5bc elementor-widget elementor-widget-heading\" data-id=\"40cd5bc\" data-element_type=\"widget\" data-e-type=\"widget\" data-widget_type=\"heading.default\">\n\t\t\t\t<div class=\"elementor-widget-container\">\n\t\t\t\t\t<h1 class=\"elementor-heading-title elementor-size-default\">Danje\u0141\u010dk Ko\n<\/h1>\t\t\t\t<\/div>\n\t\t\t\t<\/div>\n\t\t<div class=\"elementor-element elementor-element-5171d46 e-flex e-con-boxed e-con e-child\" data-id=\"5171d46\" data-element_type=\"container\" data-e-type=\"container\" data-settings=\"{&quot;jet_parallax_layout_list&quot;:[]}\">\n\t\t\t\t\t<div class=\"e-con-inner\">\n\t\t\t\t<div class=\"elementor-element elementor-element-f44f13c elementor-widget elementor-widget-text-editor\" data-id=\"f44f13c\" data-element_type=\"widget\" data-e-type=\"widget\" data-widget_type=\"text-editor.default\">\n\t\t\t\t<div class=\"elementor-widget-container\">\n\t\t\t\t\t\t\t\t\t<p>I used to come to Diva Clinic from Slovenia for laser hair removal. First I read on the internet which laser has the best ratings, and so I chose Aesthetic clinic Diva, as Lumenis One laser proved to be the most effective and safest laser according to the world statistics. I saw for myself that it is not just the story but the truth. Aesthetic clinic Diva in Kosovska 34 returned smile on my face with its excellent professional service, high hygiene standards and the best laser in the region and made sure that my legs are smooth as silk during the whole year.   <\/p>\n<p>Thanks for everything, you are the best!<\/p>\n\t\t\t\t\t\t\t\t<\/div>\n\t\t\t\t<\/div>\n\t\t\t\t\t<\/div>\n\t\t\t\t<\/div>\n\t\t\t\t\t<\/div>\n\t\t\t\t<\/div>\n\t\t\t\t<\/div>\n\t\t","protected":false},"excerpt":{"rendered":"<p>Danje\u0141\u010dk Ko I used to come to Diva Clinic from Slovenia for laser hair removal. First I read on the internet which laser has the best ratings, and so I chose Aesthetic clinic Diva, as Lumenis One laser proved to be the most effective and safest laser according to the world statistics. I saw for [&hellip;]<\/p>\n","protected":false},"author":2,"featured_media":0,"parent":4914,"menu_order":0,"comment_status":"closed","ping_status":"closed","template":"","meta":{"footnotes":""},"class_list":["post-4927","page","type-page","status-publish","hentry"],"yoast_head":"<!-- This site is optimized with the Yoast SEO plugin v27.4 - https:\/\/yoast.com\/product\/yoast-seo-wordpress\/ -->\n<title>Danje\u0141\u010dk Ko - Diva poliklinika dr Bogdanovi\u0107<\/title>\n<meta name=\"robots\" content=\"index, follow, max-snippet:-1, max-image-preview:large, max-video-preview:-1\" \/>\n<link rel=\"canonical\" href=\"https:\/\/www.divaclinic.com\/en\/diva-clinic\/danjelck-ko\/\" \/>\n<meta property=\"og:locale\" content=\"en_US\" \/>\n<meta property=\"og:type\" content=\"article\" \/>\n<meta property=\"og:title\" content=\"Danje\u0141\u010dk Ko - Diva poliklinika dr Bogdanovi\u0107\" \/>\n<meta property=\"og:description\" content=\"Danje\u0141\u010dk Ko I used to come to Diva Clinic from Slovenia for laser hair removal. First I read on the internet which laser has the best ratings, and so I chose Aesthetic clinic Diva, as Lumenis One laser proved to be the most effective and safest laser according to the world statistics. I saw for [&hellip;]\" \/>\n<meta property=\"og:url\" content=\"https:\/\/www.divaclinic.com\/en\/diva-clinic\/danjelck-ko\/\" \/>\n<meta property=\"og:site_name\" content=\"Diva poliklinika dr Bogdanovi\u0107\" \/>\n<meta property=\"article:modified_time\" content=\"2025-02-02T21:58:05+00:00\" \/>\n<meta property=\"og:image\" content=\"https:\/\/www.divaclinic.com\/wp-content\/uploads\/2025\/02\/danjelck-ko-iskustva-pacijenata-poliklinika-diva-1.jpg\" \/>\n\t<meta property=\"og:image:width\" content=\"318\" \/>\n\t<meta property=\"og:image:height\" content=\"318\" \/>\n\t<meta property=\"og:image:type\" content=\"image\/jpeg\" \/>\n<meta name=\"twitter:card\" content=\"summary_large_image\" \/>\n<meta name=\"twitter:label1\" content=\"Est. reading time\" \/>\n\t<meta name=\"twitter:data1\" content=\"1 minute\" \/>\n<script type=\"application\/ld+json\" class=\"yoast-schema-graph\">{\"@context\":\"https:\\\/\\\/schema.org\",\"@graph\":[{\"@type\":\"WebPage\",\"@id\":\"https:\\\/\\\/www.divaclinic.com\\\/en\\\/diva-clinic\\\/danjelck-ko\\\/\",\"url\":\"https:\\\/\\\/www.divaclinic.com\\\/en\\\/diva-clinic\\\/danjelck-ko\\\/\",\"name\":\"Danje\u0141\u010dk Ko - Diva poliklinika dr Bogdanovi\u0107\",\"isPartOf\":{\"@id\":\"https:\\\/\\\/www.divaclinic.com\\\/en\\\/#website\"},\"primaryImageOfPage\":{\"@id\":\"https:\\\/\\\/www.divaclinic.com\\\/en\\\/diva-clinic\\\/danjelck-ko\\\/#primaryimage\"},\"image\":{\"@id\":\"https:\\\/\\\/www.divaclinic.com\\\/en\\\/diva-clinic\\\/danjelck-ko\\\/#primaryimage\"},\"thumbnailUrl\":\"https:\\\/\\\/www.divaclinic.com\\\/wp-content\\\/uploads\\\/2025\\\/02\\\/danjelck-ko-iskustva-pacijenata-poliklinika-diva-1.jpg\",\"datePublished\":\"2025-02-02T14:36:11+00:00\",\"dateModified\":\"2025-02-02T21:58:05+00:00\",\"breadcrumb\":{\"@id\":\"https:\\\/\\\/www.divaclinic.com\\\/en\\\/diva-clinic\\\/danjelck-ko\\\/#breadcrumb\"},\"inLanguage\":\"en-US\",\"potentialAction\":[{\"@type\":\"ReadAction\",\"target\":[\"https:\\\/\\\/www.divaclinic.com\\\/en\\\/diva-clinic\\\/danjelck-ko\\\/\"]}]},{\"@type\":\"ImageObject\",\"inLanguage\":\"en-US\",\"@id\":\"https:\\\/\\\/www.divaclinic.com\\\/en\\\/diva-clinic\\\/danjelck-ko\\\/#primaryimage\",\"url\":\"https:\\\/\\\/www.divaclinic.com\\\/wp-content\\\/uploads\\\/2025\\\/02\\\/danjelck-ko-iskustva-pacijenata-poliklinika-diva-1.jpg\",\"contentUrl\":\"https:\\\/\\\/www.divaclinic.com\\\/wp-content\\\/uploads\\\/2025\\\/02\\\/danjelck-ko-iskustva-pacijenata-poliklinika-diva-1.jpg\"},{\"@type\":\"BreadcrumbList\",\"@id\":\"https:\\\/\\\/www.divaclinic.com\\\/en\\\/diva-clinic\\\/danjelck-ko\\\/#breadcrumb\",\"itemListElement\":[{\"@type\":\"ListItem\",\"position\":1,\"name\":\"Diva Clinic\",\"item\":\"https:\\\/\\\/www.divaclinic.com\\\/en\\\/diva-clinic\\\/\"},{\"@type\":\"ListItem\",\"position\":2,\"name\":\"Danje\u0141\u010dk Ko\"}]},{\"@type\":\"WebSite\",\"@id\":\"https:\\\/\\\/www.divaclinic.com\\\/en\\\/#website\",\"url\":\"https:\\\/\\\/www.divaclinic.com\\\/en\\\/\",\"name\":\"Diva poliklinika dr Bogdanovi\u0107\",\"description\":\"Podmla\u0111ivanje | Mlade\u017ei | Laseri\",\"publisher\":{\"@id\":\"https:\\\/\\\/www.divaclinic.com\\\/en\\\/#organization\"},\"potentialAction\":[{\"@type\":\"SearchAction\",\"target\":{\"@type\":\"EntryPoint\",\"urlTemplate\":\"https:\\\/\\\/www.divaclinic.com\\\/en\\\/?s={search_term_string}\"},\"query-input\":{\"@type\":\"PropertyValueSpecification\",\"valueRequired\":true,\"valueName\":\"search_term_string\"}}],\"inLanguage\":\"en-US\"},{\"@type\":\"Organization\",\"@id\":\"https:\\\/\\\/www.divaclinic.com\\\/en\\\/#organization\",\"name\":\"Diva poliklinika dr Bogdanovi\u0107\",\"url\":\"https:\\\/\\\/www.divaclinic.com\\\/en\\\/\",\"logo\":{\"@type\":\"ImageObject\",\"inLanguage\":\"en-US\",\"@id\":\"https:\\\/\\\/www.divaclinic.com\\\/en\\\/#\\\/schema\\\/logo\\\/image\\\/\",\"url\":\"https:\\\/\\\/www.divaclinic.com\\\/wp-content\\\/uploads\\\/2024\\\/06\\\/cropped-Asset-6@3x.png\",\"contentUrl\":\"https:\\\/\\\/www.divaclinic.com\\\/wp-content\\\/uploads\\\/2024\\\/06\\\/cropped-Asset-6@3x.png\",\"width\":418,\"height\":241,\"caption\":\"Diva poliklinika dr Bogdanovi\u0107\"},\"image\":{\"@id\":\"https:\\\/\\\/www.divaclinic.com\\\/en\\\/#\\\/schema\\\/logo\\\/image\\\/\"}}]}<\/script>\n<!-- \/ Yoast SEO plugin. -->","yoast_head_json":{"title":"Danje\u0141\u010dk Ko - Diva poliklinika dr Bogdanovi\u0107","robots":{"index":"index","follow":"follow","max-snippet":"max-snippet:-1","max-image-preview":"max-image-preview:large","max-video-preview":"max-video-preview:-1"},"canonical":"https:\/\/www.divaclinic.com\/en\/diva-clinic\/danjelck-ko\/","og_locale":"en_US","og_type":"article","og_title":"Danje\u0141\u010dk Ko - Diva poliklinika dr Bogdanovi\u0107","og_description":"Danje\u0141\u010dk Ko I used to come to Diva Clinic from Slovenia for laser hair removal. First I read on the internet which laser has the best ratings, and so I chose Aesthetic clinic Diva, as Lumenis One laser proved to be the most effective and safest laser according to the world statistics. I saw for [&hellip;]","og_url":"https:\/\/www.divaclinic.com\/en\/diva-clinic\/danjelck-ko\/","og_site_name":"Diva poliklinika dr Bogdanovi\u0107","article_modified_time":"2025-02-02T21:58:05+00:00","og_image":[{"width":318,"height":318,"url":"https:\/\/www.divaclinic.com\/wp-content\/uploads\/2025\/02\/danjelck-ko-iskustva-pacijenata-poliklinika-diva-1.jpg","type":"image\/jpeg"}],"twitter_card":"summary_large_image","twitter_misc":{"Est. reading time":"1 minute"},"schema":{"@context":"https:\/\/schema.org","@graph":[{"@type":"WebPage","@id":"https:\/\/www.divaclinic.com\/en\/diva-clinic\/danjelck-ko\/","url":"https:\/\/www.divaclinic.com\/en\/diva-clinic\/danjelck-ko\/","name":"Danje\u0141\u010dk Ko - Diva poliklinika dr Bogdanovi\u0107","isPartOf":{"@id":"https:\/\/www.divaclinic.com\/en\/#website"},"primaryImageOfPage":{"@id":"https:\/\/www.divaclinic.com\/en\/diva-clinic\/danjelck-ko\/#primaryimage"},"image":{"@id":"https:\/\/www.divaclinic.com\/en\/diva-clinic\/danjelck-ko\/#primaryimage"},"thumbnailUrl":"https:\/\/www.divaclinic.com\/wp-content\/uploads\/2025\/02\/danjelck-ko-iskustva-pacijenata-poliklinika-diva-1.jpg","datePublished":"2025-02-02T14:36:11+00:00","dateModified":"2025-02-02T21:58:05+00:00","breadcrumb":{"@id":"https:\/\/www.divaclinic.com\/en\/diva-clinic\/danjelck-ko\/#breadcrumb"},"inLanguage":"en-US","potentialAction":[{"@type":"ReadAction","target":["https:\/\/www.divaclinic.com\/en\/diva-clinic\/danjelck-ko\/"]}]},{"@type":"ImageObject","inLanguage":"en-US","@id":"https:\/\/www.divaclinic.com\/en\/diva-clinic\/danjelck-ko\/#primaryimage","url":"https:\/\/www.divaclinic.com\/wp-content\/uploads\/2025\/02\/danjelck-ko-iskustva-pacijenata-poliklinika-diva-1.jpg","contentUrl":"https:\/\/www.divaclinic.com\/wp-content\/uploads\/2025\/02\/danjelck-ko-iskustva-pacijenata-poliklinika-diva-1.jpg"},{"@type":"BreadcrumbList","@id":"https:\/\/www.divaclinic.com\/en\/diva-clinic\/danjelck-ko\/#breadcrumb","itemListElement":[{"@type":"ListItem","position":1,"name":"Diva Clinic","item":"https:\/\/www.divaclinic.com\/en\/diva-clinic\/"},{"@type":"ListItem","position":2,"name":"Danje\u0141\u010dk Ko"}]},{"@type":"WebSite","@id":"https:\/\/www.divaclinic.com\/en\/#website","url":"https:\/\/www.divaclinic.com\/en\/","name":"Diva poliklinika dr Bogdanovi\u0107","description":"Podmla\u0111ivanje | Mlade\u017ei | Laseri","publisher":{"@id":"https:\/\/www.divaclinic.com\/en\/#organization"},"potentialAction":[{"@type":"SearchAction","target":{"@type":"EntryPoint","urlTemplate":"https:\/\/www.divaclinic.com\/en\/?s={search_term_string}"},"query-input":{"@type":"PropertyValueSpecification","valueRequired":true,"valueName":"search_term_string"}}],"inLanguage":"en-US"},{"@type":"Organization","@id":"https:\/\/www.divaclinic.com\/en\/#organization","name":"Diva poliklinika dr Bogdanovi\u0107","url":"https:\/\/www.divaclinic.com\/en\/","logo":{"@type":"ImageObject","inLanguage":"en-US","@id":"https:\/\/www.divaclinic.com\/en\/#\/schema\/logo\/image\/","url":"https:\/\/www.divaclinic.com\/wp-content\/uploads\/2024\/06\/cropped-Asset-6@3x.png","contentUrl":"https:\/\/www.divaclinic.com\/wp-content\/uploads\/2024\/06\/cropped-Asset-6@3x.png","width":418,"height":241,"caption":"Diva poliklinika dr Bogdanovi\u0107"},"image":{"@id":"https:\/\/www.divaclinic.com\/en\/#\/schema\/logo\/image\/"}}]}},"_links":{"self":[{"href":"https:\/\/www.divaclinic.com\/en\/wp-json\/wp\/v2\/pages\/4927","targetHints":{"allow":["GET"]}}],"collection":[{"href":"https:\/\/www.divaclinic.com\/en\/wp-json\/wp\/v2\/pages"}],"about":[{"href":"https:\/\/www.divaclinic.com\/en\/wp-json\/wp\/v2\/types\/page"}],"author":[{"embeddable":true,"href":"https:\/\/www.divaclinic.com\/en\/wp-json\/wp\/v2\/users\/2"}],"replies":[{"embeddable":true,"href":"https:\/\/www.divaclinic.com\/en\/wp-json\/wp\/v2\/comments?post=4927"}],"version-history":[{"count":0,"href":"https:\/\/www.divaclinic.com\/en\/wp-json\/wp\/v2\/pages\/4927\/revisions"}],"up":[{"embeddable":true,"href":"https:\/\/www.divaclinic.com\/en\/wp-json\/wp\/v2\/pages\/4914"}],"wp:attachment":[{"href":"https:\/\/www.divaclinic.com\/en\/wp-json\/wp\/v2\/media?parent=4927"}],"curies":[{"name":"wp","href":"https:\/\/api.w.org\/{rel}","templated":true}]}}